{"id":23897,"date":"2025-03-28T09:55:36","date_gmt":"2025-03-28T08:55:36","guid":{"rendered":"https:\/\/www.selectchemie.com\/?page_id=23897"},"modified":"2025-04-14T13:28:47","modified_gmt":"2025-04-14T11:28:47","slug":"whistleblowing","status":"publish","type":"page","link":"https:\/\/www.selectchemie.com\/de\/whistleblowing\/","title":{"rendered":"Whistleblowing"},"content":{"rendered":"<style>.elementor-23897 .elementor-element.elementor-element-d62e591{--display:flex;--flex-direction:column;--container-widget-width:100%;--container-widget-height:initial;--container-widget-flex-grow:0;--container-widget-align-self:initial;--flex-wrap-mobile:wrap;--padding-top:90px;--padding-bottom:90px;--padding-left:60px;--padding-right:60px;}.elementor-23897 .elementor-element.elementor-element-d62e591:not(.elementor-motion-effects-element-type-background), .elementor-23897 .elementor-element.elementor-element-d62e591 > .elementor-motion-effects-container > .elementor-motion-effects-layer{background-color:var( --e-global-color-c46378f );}.elementor-23897 .elementor-element.elementor-element-0cd93a0{--display:flex;}.elementor-widget-text-editor{font-family:var( --e-global-typography-text-font-family ), Sans-serif;font-weight:var( --e-global-typography-text-font-weight );color:var( --e-global-color-text );}.elementor-widget-text-editor.elementor-drop-cap-view-stacked .elementor-drop-cap{background-color:var( --e-global-color-primary );}.elementor-widget-text-editor.elementor-drop-cap-view-framed .elementor-drop-cap, .elementor-widget-text-editor.elementor-drop-cap-view-default .elementor-drop-cap{color:var( --e-global-color-primary );border-color:var( --e-global-color-primary );}.elementor-23897 .elementor-element.elementor-element-e0f1583{text-align:center;font-size:20px;font-weight:500;color:var( --e-global-color-text );}.elementor-23897 .elementor-element.elementor-element-e0f1583 > .elementor-widget-container{margin:0px 0px 0px 0px;padding:0px 0px 0px 0px;}.elementor-widget-heading .elementor-heading-title{font-family:var( --e-global-typography-primary-font-family ), Sans-serif;font-weight:var( --e-global-typography-primary-font-weight );color:var( --e-global-color-primary );}.elementor-23897 .elementor-element.elementor-element-6d823cf{text-align:center;}.elementor-23897 .elementor-element.elementor-element-6d823cf .elementor-heading-title{font-size:57px;color:var( --e-global-color-primary );}.elementor-23897 .elementor-element.elementor-element-6d823cf > .elementor-widget-container{padding:0px 0px 0px 0px;}.elementor-widget-divider{--divider-color:var( --e-global-color-secondary );}.elementor-widget-divider .elementor-divider__text{color:var( --e-global-color-secondary );font-family:var( --e-global-typography-secondary-font-family ), Sans-serif;font-weight:var( --e-global-typography-secondary-font-weight );}.elementor-widget-divider.elementor-view-stacked .elementor-icon{background-color:var( --e-global-color-secondary );}.elementor-widget-divider.elementor-view-framed .elementor-icon, .elementor-widget-divider.elementor-view-default .elementor-icon{color:var( --e-global-color-secondary );border-color:var( --e-global-color-secondary );}.elementor-widget-divider.elementor-view-framed .elementor-icon, .elementor-widget-divider.elementor-view-default .elementor-icon svg{fill:var( --e-global-color-secondary );}.elementor-23897 .elementor-element.elementor-element-0eb60d0{--divider-border-style:solid;--divider-color:var( --e-global-color-secondary );--divider-border-width:4px;}.elementor-23897 .elementor-element.elementor-element-0eb60d0 .elementor-divider-separator{width:100px;margin:0 auto;margin-center:0;}.elementor-23897 .elementor-element.elementor-element-0eb60d0 .elementor-divider{text-align:center;padding-block-start:10px;padding-block-end:10px;}.elementor-23897 .elementor-element.elementor-element-7410377{--display:flex;--flex-direction:row;--container-widget-width:initial;--container-widget-height:100%;--container-widget-flex-grow:1;--container-widget-align-self:stretch;--flex-wrap-mobile:wrap;--gap:77px 77px;--row-gap:77px;--column-gap:77px;}.elementor-23897 .elementor-element.elementor-element-06bed16{--display:flex;}.elementor-23897 .elementor-element.elementor-element-06bed16.e-con{--flex-grow:0;--flex-shrink:0;}.elementor-23897 .elementor-element.elementor-element-cf2d530 .elementor-heading-title{font-family:\"Titillium Web\", Sans-serif;font-size:21px;font-weight:600;}.elementor-23897 .elementor-element.elementor-element-a363c3d{font-family:\"Titillium Web\", Sans-serif;font-size:16px;font-weight:400;}.elementor-23897 .elementor-element.elementor-element-5b13bec .elementor-heading-title{font-family:\"Titillium Web\", Sans-serif;font-size:21px;font-weight:600;}.elementor-23897 .elementor-element.elementor-element-bd24f6b{font-family:\"Titillium Web\", Sans-serif;font-size:16px;font-weight:400;}.elementor-23897 .elementor-element.elementor-element-7187ebb .elementor-heading-title{font-family:\"Titillium Web\", Sans-serif;font-size:21px;font-weight:600;}.elementor-23897 .elementor-element.elementor-element-6a16c86{font-family:\"Titillium Web\", Sans-serif;font-size:16px;font-weight:400;}.elementor-23897 .elementor-element.elementor-element-cdad966 .elementor-heading-title{font-family:\"Titillium Web\", Sans-serif;font-size:21px;font-weight:600;}.elementor-23897 .elementor-element.elementor-element-8df7b1b{font-family:\"Titillium Web\", Sans-serif;font-size:16px;font-weight:400;}.elementor-23897 .elementor-element.elementor-element-683765a .elementor-heading-title{font-family:\"Titillium Web\", Sans-serif;font-size:21px;font-weight:600;}.elementor-23897 .elementor-element.elementor-element-84ca0f0{font-family:\"Titillium Web\", Sans-serif;font-size:16px;font-weight:400;}.elementor-23897 .elementor-element.elementor-element-b3fb46f .elementor-heading-title{font-family:\"Titillium Web\", Sans-serif;font-size:21px;font-weight:600;}.elementor-23897 .elementor-element.elementor-element-1867622{font-family:\"Titillium Web\", Sans-serif;font-size:16px;font-weight:400;}.elementor-23897 .elementor-element.elementor-element-193781d .elementor-heading-title{font-family:\"Titillium Web\", Sans-serif;font-size:21px;font-weight:600;}.elementor-23897 .elementor-element.elementor-element-ec33152{font-family:\"Titillium Web\", Sans-serif;font-size:16px;font-weight:400;}.elementor-23897 .elementor-element.elementor-element-dbf8166{--divider-border-style:solid;--divider-color:#CFCFCF;--divider-border-width:1px;}.elementor-23897 .elementor-element.elementor-element-dbf8166 .elementor-divider-separator{width:100%;}.elementor-23897 .elementor-element.elementor-element-dbf8166 .elementor-divider{padding-block-start:2px;padding-block-end:2px;}.elementor-23897 .elementor-element.elementor-element-1523d40{font-family:\"Titillium Web\", Sans-serif;font-size:16px;font-weight:400;}:root{--page-title-display:none;}@media(max-width:1024px){.elementor-23897 .elementor-element.elementor-element-6d823cf .elementor-heading-title{font-size:55px;}}@media(min-width:768px){.elementor-23897 .elementor-element.elementor-element-0cd93a0{--content-width:923px;}.elementor-23897 .elementor-element.elementor-element-06bed16{--width:97.96%;}}@media(max-width:767px){.elementor-23897 .elementor-element.elementor-element-e0f1583{text-align:center;}.elementor-23897 .elementor-element.elementor-element-6d823cf{text-align:center;}.elementor-23897 .elementor-element.elementor-element-6d823cf .elementor-heading-title{font-size:35px;}.elementor-23897 .elementor-element.elementor-element-6d823cf > .elementor-widget-container{padding:0px 0px 0px 0px;}.elementor-23897 .elementor-element.elementor-element-0eb60d0 .elementor-divider{text-align:center;}.elementor-23897 .elementor-element.elementor-element-0eb60d0 .elementor-divider-separator{margin:0 auto;margin-center:0;}}<\/style>\t\t<div data-elementor-type=\"wp-page\" data-elementor-id=\"23897\" class=\"elementor elementor-23897\" data-elementor-post-type=\"page\">\n\t\t\t\t<div class=\"elementor-element elementor-element-d62e591 e-flex e-con-boxed e-con e-parent\" data-id=\"d62e591\" data-element_type=\"container\" data-e-type=\"container\" data-settings=\"{&quot;background_background&quot;:&quot;classic&quot;}\">\n\t\t\t\t\t<div class=\"e-con-inner\">\n\t\t<div class=\"elementor-element elementor-element-0cd93a0 e-flex e-con-boxed e-con e-child\" data-id=\"0cd93a0\" data-element_type=\"container\" data-e-type=\"container\">\n\t\t\t\t\t<div class=\"e-con-inner\">\n\t\t\t\t<div class=\"elementor-element elementor-element-e0f1583 elementor-widget elementor-widget-text-editor\" data-id=\"e0f1583\" data-element_type=\"widget\" data-e-type=\"widget\" data-widget_type=\"text-editor.default\">\n\t\t\t\t<div class=\"elementor-widget-container\">\n\t\t\t\t\t\t\t\t\tSelectchemie AG\t\t\t\t\t\t\t\t<\/div>\n\t\t\t\t<\/div>\n\t\t\t\t<div class=\"elementor-element elementor-element-6d823cf elementor-widget elementor-widget-heading\" data-id=\"6d823cf\" data-element_type=\"widget\" data-e-type=\"widget\" data-widget_type=\"heading.default\">\n\t\t\t\t<div class=\"elementor-widget-container\">\n\t\t\t\t\t<h3 class=\"elementor-heading-title elementor-size-default\">Whistleblowing<\/h3>\t\t\t\t<\/div>\n\t\t\t\t<\/div>\n\t\t\t\t<div class=\"elementor-element elementor-element-0eb60d0 elementor-widget-divider--view-line elementor-widget elementor-widget-divider\" data-id=\"0eb60d0\" data-element_type=\"widget\" data-e-type=\"widget\" data-widget_type=\"divider.default\">\n\t\t\t\t<div class=\"elementor-widget-container\">\n\t\t\t\t\t\t\t<div class=\"elementor-divider\">\n\t\t\t<span class=\"elementor-divider-separator\">\n\t\t\t\t\t\t<\/span>\n\t\t<\/div>\n\t\t\t\t\t\t<\/div>\n\t\t\t\t<\/div>\n\t\t\t\t\t<\/div>\n\t\t\t\t<\/div>\n\t\t<div class=\"elementor-element elementor-element-7410377 e-flex e-con-boxed e-con e-child\" data-id=\"7410377\" data-element_type=\"container\" data-e-type=\"container\">\n\t\t\t\t\t<div class=\"e-con-inner\">\n\t\t<div class=\"elementor-element elementor-element-06bed16 e-con-full e-flex e-con e-child\" data-id=\"06bed16\" data-element_type=\"container\" data-e-type=\"container\">\n\t\t\t\t<div class=\"elementor-element elementor-element-cf2d530 elementor-widget elementor-widget-heading\" data-id=\"cf2d530\" data-element_type=\"widget\" data-e-type=\"widget\" data-widget_type=\"heading.default\">\n\t\t\t\t<div class=\"elementor-widget-container\">\n\t\t\t\t\t<h4 class=\"elementor-heading-title elementor-size-default\">Was ist Whistleblowing?<\/h4>\t\t\t\t<\/div>\n\t\t\t\t<\/div>\n\t\t\t\t<div class=\"elementor-element elementor-element-a363c3d elementor-widget elementor-widget-text-editor\" data-id=\"a363c3d\" data-element_type=\"widget\" data-e-type=\"widget\" data-widget_type=\"text-editor.default\">\n\t\t\t\t<div class=\"elementor-widget-container\">\n\t\t\t\t\t\t\t\t\tUnter Whistleblowing versteht man die Meldung unethischer, illegaler oder unsicherer Aktivit\u00e4ten innerhalb einer Organisation. Dazu k\u00f6nnen Betrug, Korruption, Missbrauch oder jegliche Handlungen geh\u00f6ren, die die \u00f6ffentliche Gesundheit und Sicherheit gef\u00e4hrden.\t\t\t\t\t\t\t\t<\/div>\n\t\t\t\t<\/div>\n\t\t\t\t<div class=\"elementor-element elementor-element-5b13bec elementor-widget elementor-widget-heading\" data-id=\"5b13bec\" data-element_type=\"widget\" data-e-type=\"widget\" data-widget_type=\"heading.default\">\n\t\t\t\t<div class=\"elementor-widget-container\">\n\t\t\t\t\t<h4 class=\"elementor-heading-title elementor-size-default\">Warum Whistleblowing wichtig ist<\/h4>\t\t\t\t<\/div>\n\t\t\t\t<\/div>\n\t\t\t\t<div class=\"elementor-element elementor-element-bd24f6b elementor-widget elementor-widget-text-editor\" data-id=\"bd24f6b\" data-element_type=\"widget\" data-e-type=\"widget\" data-widget_type=\"text-editor.default\">\n\t\t\t\t<div class=\"elementor-widget-container\">\n\t\t\t\t\t\t\t\t\tWhistleblower spielen eine entscheidende Rolle bei der Aufrechterhaltung von Transparenz und Verantwortlichkeit. Indem sie Fehlverhalten melden, tragen sie dazu bei, die Integrit\u00e4t der Organisation zu sch\u00fctzen und ein sicheres und ethisches Arbeitsumfeld zu gew\u00e4hrleisten.\t\t\t\t\t\t\t\t<\/div>\n\t\t\t\t<\/div>\n\t\t\t\t<div class=\"elementor-element elementor-element-7187ebb elementor-widget elementor-widget-heading\" data-id=\"7187ebb\" data-element_type=\"widget\" data-e-type=\"widget\" data-widget_type=\"heading.default\">\n\t\t\t\t<div class=\"elementor-widget-container\">\n\t\t\t\t\t<h4 class=\"elementor-heading-title elementor-size-default\">Anonymit\u00e4t und Vertraulichkeit<\/h4>\t\t\t\t<\/div>\n\t\t\t\t<\/div>\n\t\t\t\t<div class=\"elementor-element elementor-element-6a16c86 elementor-widget elementor-widget-text-editor\" data-id=\"6a16c86\" data-element_type=\"widget\" data-e-type=\"widget\" data-widget_type=\"text-editor.default\">\n\t\t\t\t<div class=\"elementor-widget-container\">\n\t\t\t\t\t\t\t\t\tWir wissen, wie wichtig der Schutz der Identit\u00e4t von Hinweisgebern ist. Unser Whistleblowing-Verfahren erm\u00f6glicht Ihnen eine anonyme Meldung, so dass Ihre Identit\u00e4t w\u00e4hrend der gesamten Untersuchung vertraulich bleibt.\nWir verwenden sichere Meldekan\u00e4le, um Ihre Informationen zu sch\u00fctzen.\n\t\t\t\t\t\t\t\t<\/div>\n\t\t\t\t<\/div>\n\t\t\t\t<div class=\"elementor-element elementor-element-cdad966 elementor-widget elementor-widget-heading\" data-id=\"cdad966\" data-element_type=\"widget\" data-e-type=\"widget\" data-widget_type=\"heading.default\">\n\t\t\t\t<div class=\"elementor-widget-container\">\n\t\t\t\t\t<h4 class=\"elementor-heading-title elementor-size-default\">Wie melden<\/h4>\t\t\t\t<\/div>\n\t\t\t\t<\/div>\n\t\t\t\t<div class=\"elementor-element elementor-element-8df7b1b elementor-widget elementor-widget-text-editor\" data-id=\"8df7b1b\" data-element_type=\"widget\" data-e-type=\"widget\" data-widget_type=\"text-editor.default\">\n\t\t\t\t<div class=\"elementor-widget-container\">\n\t\t\t\t\t\t\t\t\t<p>Um Fehlverhalten zu melden, gehen Sie bitte wie folgt vor:<br \/><strong>1. Identifizieren Sie das Fehlverhalten:<\/strong> Sammeln Sie so viele Beweise wie m\u00f6glich zu dem Thema.<br \/><strong>2. Eine Beschwerde einreichen:<\/strong> Nutzen Sie unser sicheres Online-Formular, um Ihre Meldung einzureichen. Sie k\u00f6nnen auch anonym bleiben.<br \/><strong>3. Untersuchung:<\/strong> Unser Compliance-Beauftragter wird Ihre Meldung pr\u00fcfen und unter Wahrung der Vertraulichkeit eine gr\u00fcndliche Untersuchung durchf\u00fchren.<\/p>\t\t\t\t\t\t\t\t<\/div>\n\t\t\t\t<\/div>\n\t\t\t\t<div class=\"elementor-element elementor-element-683765a elementor-widget elementor-widget-heading\" data-id=\"683765a\" data-element_type=\"widget\" data-e-type=\"widget\" data-widget_type=\"heading.default\">\n\t\t\t\t<div class=\"elementor-widget-container\">\n\t\t\t\t\t<h4 class=\"elementor-heading-title elementor-size-default\">Wie geht es weiter?<\/h4>\t\t\t\t<\/div>\n\t\t\t\t<\/div>\n\t\t\t\t<div class=\"elementor-element elementor-element-84ca0f0 elementor-widget elementor-widget-text-editor\" data-id=\"84ca0f0\" data-element_type=\"widget\" data-e-type=\"widget\" data-widget_type=\"text-editor.default\">\n\t\t\t\t<div class=\"elementor-widget-container\">\n\t\t\t\t\t\t\t\t\tSobald Ihr Bericht eingereicht ist, wird er von unserem engagierten Team gepr\u00fcft. Ihre Identit\u00e4t wird w\u00e4hrend des gesamten Prozesses gesch\u00fctzt.\t\t\t\t\t\t\t\t<\/div>\n\t\t\t\t<\/div>\n\t\t\t\t<div class=\"elementor-element elementor-element-b3fb46f elementor-widget elementor-widget-heading\" data-id=\"b3fb46f\" data-element_type=\"widget\" data-e-type=\"widget\" data-widget_type=\"heading.default\">\n\t\t\t\t<div class=\"elementor-widget-container\">\n\t\t\t\t\t<h4 class=\"elementor-heading-title elementor-size-default\">Rechtliche Schutzma\u00dfnahmen<\/h4>\t\t\t\t<\/div>\n\t\t\t\t<\/div>\n\t\t\t\t<div class=\"elementor-element elementor-element-1867622 elementor-widget elementor-widget-text-editor\" data-id=\"1867622\" data-element_type=\"widget\" data-e-type=\"widget\" data-widget_type=\"text-editor.default\">\n\t\t\t\t<div class=\"elementor-widget-container\">\n\t\t\t\t\t\t\t\t\tWhistleblower sind durch verschiedene Gesetze und Vorschriften vor Vergeltungsma\u00dfnahmen gesch\u00fctzt, darunter der Whistleblower Protection Act und andere einschl\u00e4gige Normen\nDieser Schutz gew\u00e4hrleistet, dass Sie Fehlverhalten melden k\u00f6nnen, ohne nachteilige Konsequenzen bef\u00fcrchten zu m\u00fcssen.\n\t\t\t\t\t\t\t\t<\/div>\n\t\t\t\t<\/div>\n\t\t\t\t<div class=\"elementor-element elementor-element-193781d elementor-widget elementor-widget-heading\" data-id=\"193781d\" data-element_type=\"widget\" data-e-type=\"widget\" data-widget_type=\"heading.default\">\n\t\t\t\t<div class=\"elementor-widget-container\">\n\t\t\t\t\t<h4 class=\"elementor-heading-title elementor-size-default\">Kontakt<\/h4>\t\t\t\t<\/div>\n\t\t\t\t<\/div>\n\t\t\t\t<div class=\"elementor-element elementor-element-ec33152 elementor-widget elementor-widget-text-editor\" data-id=\"ec33152\" data-element_type=\"widget\" data-e-type=\"widget\" data-widget_type=\"text-editor.default\">\n\t\t\t\t<div class=\"elementor-widget-container\">\n\t\t\t\t\t\t\t\t\t<p>Wenn Sie Fragen haben oder weitere Unterst\u00fctzung ben\u00f6tigen, wenden Sie sich bitte an unseren Compliance Officer: <a href=\"mailto:compliance@selectchemie.com\"><span style=\"display:inline;unicode-bidi:bidi-override;direction:rtl;\" class=\"\">moc.eimehctceles<span style=\"display:none;\">obfsctd-767a98<\/span>@ecnailpmoc<\/span><\/a>.<\/p>\t\t\t\t\t\t\t\t<\/div>\n\t\t\t\t<\/div>\n\t\t\t\t<div class=\"elementor-element elementor-element-dbf8166 elementor-widget-divider--view-line elementor-widget elementor-widget-divider\" data-id=\"dbf8166\" data-element_type=\"widget\" data-e-type=\"widget\" data-widget_type=\"divider.default\">\n\t\t\t\t<div class=\"elementor-widget-container\">\n\t\t\t\t\t\t\t<div class=\"elementor-divider\">\n\t\t\t<span class=\"elementor-divider-separator\">\n\t\t\t\t\t\t<\/span>\n\t\t<\/div>\n\t\t\t\t\t\t<\/div>\n\t\t\t\t<\/div>\n\t\t\t\t<div class=\"elementor-element elementor-element-1523d40 elementor-widget elementor-widget-text-editor\" data-id=\"1523d40\" data-element_type=\"widget\" data-e-type=\"widget\" data-widget_type=\"text-editor.default\">\n\t\t\t\t<div class=\"elementor-widget-container\">\n\t\t\t\t\t\t\t\t\t<p>Bitte <a href=\"https:\/\/forms.office.com\/Pages\/ResponsePage.aspx?id=LOsLaVHfA0eNc5NihM8zYPRH0V4xwtFCkEQ3PJJePjNUNkw0NEJIUTlUNlNNVjc5UU1CQ1EyRVAyMy4u\"><b>HIER<\/b><\/a> anklicken um Ihren Bericht einzureichen.<\/p>\t\t\t\t\t\t\t\t<\/div>\n\t\t\t\t<\/div>\n\t\t\t\t<\/div>\n\t\t\t\t\t<\/div>\n\t\t\t\t<\/div>\n\t\t\t\t\t<\/div>\n\t\t\t\t<\/div>\n\t\t\t\t<\/div>","protected":false},"excerpt":{"rendered":"<p>Selectchemie AG Whistleblowing What is Whistleblowing Whistleblowing is the act of reporting unethical, illegal, or unsafe activities within an organization. This can include fraud, corruption, abuse, or any actions that endanger public health and safety. Why Whistleblowing Matters Whistleblowers play a crucial role in maintaining transparency and accountability. By reporting misconduct, they help protect the [&hellip;]<\/p>\n","protected":false},"author":5,"featured_media":0,"parent":0,"menu_order":0,"comment_status":"closed","ping_status":"closed","template":"","meta":{"_acf_changed":false,"_seopress_robots_primary_cat":"","_seopress_titles_title":"Whistleblowing","_seopress_titles_desc":"As an employee, customer, supplier or partners you can report serious matters anonymously or if you have reasonable suspicion of such matters.","_seopress_robots_index":"","footnotes":""},"folder":[],"class_list":["post-23897","page","type-page","status-publish","hentry"],"acf":[],"_links":{"self":[{"href":"https:\/\/www.selectchemie.com\/de\/wp-json\/wp\/v2\/pages\/23897","targetHints":{"allow":["GET"]}}],"collection":[{"href":"https:\/\/www.selectchemie.com\/de\/wp-json\/wp\/v2\/pages"}],"about":[{"href":"https:\/\/www.selectchemie.com\/de\/wp-json\/wp\/v2\/types\/page"}],"author":[{"embeddable":true,"href":"https:\/\/www.selectchemie.com\/de\/wp-json\/wp\/v2\/users\/5"}],"replies":[{"embeddable":true,"href":"https:\/\/www.selectchemie.com\/de\/wp-json\/wp\/v2\/comments?post=23897"}],"version-history":[{"count":23,"href":"https:\/\/www.selectchemie.com\/de\/wp-json\/wp\/v2\/pages\/23897\/revisions"}],"predecessor-version":[{"id":24012,"href":"https:\/\/www.selectchemie.com\/de\/wp-json\/wp\/v2\/pages\/23897\/revisions\/24012"}],"wp:attachment":[{"href":"https:\/\/www.selectchemie.com\/de\/wp-json\/wp\/v2\/media?parent=23897"}],"wp:term":[{"taxonomy":"folder","embeddable":true,"href":"https:\/\/www.selectchemie.com\/de\/wp-json\/wp\/v2\/folder?post=23897"}],"curies":[{"name":"wp","href":"https:\/\/api.w.org\/{rel}","templated":true}]}}