{"id":19524,"date":"2023-09-08T10:25:13","date_gmt":"2023-09-08T10:25:13","guid":{"rendered":"https:\/\/selectchemie.aretis-staging.ch\/company\/working-at-selectchemie\/our-benefits-copy\/"},"modified":"2026-03-31T11:26:49","modified_gmt":"2026-03-31T09:26:49","slug":"history","status":"publish","type":"page","link":"https:\/\/www.selectchemie.com\/pl\/company\/history\/","title":{"rendered":"Historia"},"content":{"rendered":"<div data-elementor-type=\"wp-page\" data-elementor-id=\"19524\" class=\"elementor elementor-19524\" data-elementor-post-type=\"page\">\n\t\t\t\t\t\t<section class=\"elementor-section elementor-top-section elementor-element elementor-element-42156285 elementor-section-height-min-height elementor-section-boxed elementor-section-height-default elementor-section-items-middle\" data-id=\"42156285\" data-element_type=\"section\" data-e-type=\"section\" data-settings=\"{&quot;background_background&quot;:&quot;classic&quot;}\">\n\t\t\t\t\t\t\t<div class=\"elementor-background-overlay\"><\/div>\n\t\t\t\t\t\t\t<div class=\"elementor-container elementor-column-gap-default\">\n\t\t\t\t\t<div class=\"elementor-column elementor-col-100 elementor-top-column elementor-element elementor-element-1e8888f1 elementor-invisible\" data-id=\"1e8888f1\" data-element_type=\"column\" data-e-type=\"column\" data-settings=\"{&quot;animation&quot;:&quot;zoomIn&quot;}\">\n\t\t\t<div class=\"elementor-widget-wrap\">\n\t\t\t\t\t\t\t<\/div>\n\t\t<\/div>\n\t\t\t\t\t<\/div>\n\t\t<\/section>\n\t\t<div class=\"elementor-element elementor-element-240a32ef e-flex e-con-boxed e-con e-parent\" data-id=\"240a32ef\" data-element_type=\"container\" data-e-type=\"container\">\n\t\t\t\t\t<div class=\"e-con-inner\">\n\t\t<div class=\"elementor-element elementor-element-11d9d599 e-con-full e-flex e-con e-child\" data-id=\"11d9d599\" data-element_type=\"container\" data-e-type=\"container\" data-settings=\"{&quot;background_background&quot;:&quot;classic&quot;}\">\n\t\t\t\t<div class=\"elementor-element elementor-element-53ff5620 elementor-widget elementor-widget-heading\" data-id=\"53ff5620\" data-element_type=\"widget\" data-e-type=\"widget\" data-widget_type=\"heading.default\">\n\t\t\t\t<div class=\"elementor-widget-container\">\n\t\t\t\t\t<h4 class=\"elementor-heading-title elementor-size-default\">O nas<\/h4>\t\t\t\t<\/div>\n\t\t\t\t<\/div>\n\t\t\t\t<div class=\"elementor-element elementor-element-7c24714c elementor-widget elementor-widget-heading\" data-id=\"7c24714c\" data-element_type=\"widget\" data-e-type=\"widget\" data-widget_type=\"heading.default\">\n\t\t\t\t<div class=\"elementor-widget-container\">\n\t\t\t\t\t<h1 class=\"elementor-heading-title elementor-size-default\">Historia naszej firmy<\/h1>\t\t\t\t<\/div>\n\t\t\t\t<\/div>\n\t\t\t\t<div class=\"elementor-element elementor-element-3ed8d6a elementor-widget elementor-widget-text-editor\" data-id=\"3ed8d6a\" data-element_type=\"widget\" data-e-type=\"widget\" data-widget_type=\"text-editor.default\">\n\t\t\t\t<div class=\"elementor-widget-container\">\n\t\t\t\t\t\t\t\t\t<p>Firma Selectchemie zosta\u0142a za\u0142o\u017cona w 1969 roku w Zurychu w Szwajcarii. Od samego pocz\u0105tku strategicznym celem by\u0142a jako\u015b\u0107, stabilne partnerstwo z mi\u0119dzynarodowymi dostawcami i blisko\u015b\u0107 naszych klient\u00f3w, tak jak ma to miejsce do dzi\u015b. Dowiedz si\u0119 wi\u0119cej o naszych pocz\u0105tkach i rozwoju.<\/p>\t\t\t\t\t\t\t\t<\/div>\n\t\t\t\t<\/div>\n\t\t\t\t<\/div>\n\t\t<div class=\"elementor-element elementor-element-42e9a457 e-con-full e-flex e-con e-child\" data-id=\"42e9a457\" data-element_type=\"container\" data-e-type=\"container\" data-settings=\"{&quot;background_background&quot;:&quot;classic&quot;}\">\n\t\t\t\t<div class=\"elementor-element elementor-element-6d83d5b elementor-widget elementor-widget-image\" data-id=\"6d83d5b\" data-element_type=\"widget\" data-e-type=\"widget\" data-widget_type=\"image.default\">\n\t\t\t\t<div class=\"elementor-widget-container\">\n\t\t\t\t\t\t\t\t\t\t\t\t<figure class=\"wp-caption\">\n\t\t\t\t\t\t\t\t\t\t<img fetchpriority=\"high\" decoding=\"async\" width=\"2328\" height=\"1283\" src=\"https:\/\/www.selectchemie.com\/wp-content\/uploads\/2023\/10\/Management_1980.jpg\" class=\"attachment-full size-full wp-image-22165\" alt=\"\" srcset=\"https:\/\/www.selectchemie.com\/wp-content\/uploads\/2023\/10\/Management_1980.jpg 2328w, https:\/\/www.selectchemie.com\/wp-content\/uploads\/2023\/10\/Management_1980-300x165.jpg 300w, https:\/\/www.selectchemie.com\/wp-content\/uploads\/2023\/10\/Management_1980-1024x564.jpg 1024w, https:\/\/www.selectchemie.com\/wp-content\/uploads\/2023\/10\/Management_1980-768x423.jpg 768w, https:\/\/www.selectchemie.com\/wp-content\/uploads\/2023\/10\/Management_1980-1536x847.jpg 1536w, https:\/\/www.selectchemie.com\/wp-content\/uploads\/2023\/10\/Management_1980-2048x1129.jpg 2048w\" sizes=\"(max-width: 2328px) 100vw, 2328px\" \/>\t\t\t\t\t\t\t\t\t\t\t<figcaption class=\"widget-image-caption wp-caption-text\">Zarz\u0105d oko\u0142o 1980 roku, od lewej do prawej: W. Gassmann (Dyrektor Pharma International), W. B. Preibisch (Za\u0142o\u017cyciel i Dyrektor Generalny), H. M\u00fcller (Wsp\u00f3\u0142za\u0142o\u017cyciel, Dyrektor Pharma Switzerland)<\/figcaption>\n\t\t\t\t\t\t\t\t\t\t<\/figure>\n\t\t\t\t\t\t\t\t\t<\/div>\n\t\t\t\t<\/div>\n\t\t\t\t<\/div>\n\t\t\t\t\t<\/div>\n\t\t\t\t<\/div>\n\t\t<div class=\"elementor-element elementor-element-c800dc0 e-con-full e-flex e-con e-parent\" data-id=\"c800dc0\" data-element_type=\"container\" data-e-type=\"container\" data-settings=\"{&quot;background_background&quot;:&quot;classic&quot;}\">\n\t\t<div class=\"elementor-element elementor-element-cd1d15d e-flex e-con-boxed e-con e-child\" data-id=\"cd1d15d\" data-element_type=\"container\" data-e-type=\"container\">\n\t\t\t\t\t<div class=\"e-con-inner\">\n\t\t\t\t<div class=\"elementor-element elementor-element-61e520c elementor-widget elementor-widget-heading\" data-id=\"61e520c\" data-element_type=\"widget\" data-e-type=\"widget\" data-widget_type=\"heading.default\">\n\t\t\t\t<div class=\"elementor-widget-container\">\n\t\t\t\t\t<h2 class=\"elementor-heading-title elementor-size-default\">Szwajcarskie rozwi\u0105zania od 1969 roku<\/h2>\t\t\t\t<\/div>\n\t\t\t\t<\/div>\n\t\t\t\t<div class=\"elementor-element elementor-element-cae04cc elementor-widget-divider--view-line elementor-widget elementor-widget-divider\" data-id=\"cae04cc\" data-element_type=\"widget\" data-e-type=\"widget\" data-widget_type=\"divider.default\">\n\t\t\t\t<div class=\"elementor-widget-container\">\n\t\t\t\t\t\t\t<div class=\"elementor-divider\">\n\t\t\t<span class=\"elementor-divider-separator\">\n\t\t\t\t\t\t<\/span>\n\t\t<\/div>\n\t\t\t\t\t\t<\/div>\n\t\t\t\t<\/div>\n\t\t\t\t\t<\/div>\n\t\t\t\t<\/div>\n\t\t<div class=\"elementor-element elementor-element-0f89594 e-flex e-con-boxed e-con e-child\" data-id=\"0f89594\" data-element_type=\"container\" data-e-type=\"container\">\n\t\t\t\t\t<div class=\"e-con-inner\">\n\t\t<div class=\"elementor-element elementor-element-21455fc e-con-full e-flex e-con e-child\" data-id=\"21455fc\" data-element_type=\"container\" data-e-type=\"container\" data-settings=\"{&quot;background_background&quot;:&quot;classic&quot;}\">\n\t\t\t\t<div class=\"elementor-element elementor-element-c58949d elementor-widget elementor-widget-toggle\" data-id=\"c58949d\" data-element_type=\"widget\" data-e-type=\"widget\" data-widget_type=\"toggle.default\">\n\t\t\t\t<div class=\"elementor-widget-container\">\n\t\t\t\t\t\t\t<div class=\"elementor-toggle\">\n\t\t\t\t\t\t\t<div class=\"elementor-toggle-item\">\n\t\t\t\t\t<div id=\"elementor-tab-title-2071\" class=\"elementor-tab-title\" data-tab=\"1\" role=\"button\" aria-controls=\"elementor-tab-content-2071\" aria-expanded=\"false\">\n\t\t\t\t\t\t\t\t\t\t\t\t<span class=\"elementor-toggle-icon elementor-toggle-icon-right\" aria-hidden=\"true\">\n\t\t\t\t\t\t\t\t\t\t\t\t\t\t\t<span class=\"elementor-toggle-icon-closed\"><i class=\"fas fa-caret-right\"><\/i><\/span>\n\t\t\t\t\t\t\t\t<span class=\"elementor-toggle-icon-opened\"><i class=\"elementor-toggle-icon-opened fas fa-caret-up\"><\/i><\/span>\n\t\t\t\t\t\t\t\t\t\t\t\t\t<\/span>\n\t\t\t\t\t\t\t\t\t\t\t\t<a class=\"elementor-toggle-title\" tabindex=\"0\">Fundacja i siedziba g\u0142\u00f3wna<\/a>\n\t\t\t\t\t<\/div>\n\n\t\t\t\t\t<div id=\"elementor-tab-content-2071\" class=\"elementor-tab-content elementor-clearfix\" data-tab=\"1\" role=\"region\" aria-labelledby=\"elementor-tab-title-2071\"><p>Firma Selectchemie AG zosta\u0142a za\u0142o\u017cona 6 marca 1969 roku przez Waltera Preibischa, Hugo M\u00fcllera, Andr\u00e9 Baudeta i innych w celu handlu dodatkami do pasz dla zwierz\u0105t. We wrze\u015bniu 1969 r. firma przenios\u0142a si\u0119 do siedziby g\u0142\u00f3wnej przy Etzelstrasse w Zurychu, gdzie znajduje si\u0119 do dzi\u015b. W 2022 r. siedziba zosta\u0142a odnowiona, zmodernizowana i dostosowana do zmieniaj\u0105cych si\u0119 potrzeb i rozwoju firmy. Obecnie Selectchemie zatrudnia oko\u0142o 80 pracownik\u00f3w w Zurychu i \u0142\u0105cznie oko\u0142o 130 pracownik\u00f3w w 17 krajach na ca\u0142ym \u015bwiecie.<\/p><\/div>\n\t\t\t\t<\/div>\n\t\t\t\t\t\t\t<div class=\"elementor-toggle-item\">\n\t\t\t\t\t<div id=\"elementor-tab-title-2072\" class=\"elementor-tab-title\" data-tab=\"2\" role=\"button\" aria-controls=\"elementor-tab-content-2072\" aria-expanded=\"false\">\n\t\t\t\t\t\t\t\t\t\t\t\t<span class=\"elementor-toggle-icon elementor-toggle-icon-right\" aria-hidden=\"true\">\n\t\t\t\t\t\t\t\t\t\t\t\t\t\t\t<span class=\"elementor-toggle-icon-closed\"><i class=\"fas fa-caret-right\"><\/i><\/span>\n\t\t\t\t\t\t\t\t<span class=\"elementor-toggle-icon-opened\"><i class=\"elementor-toggle-icon-opened fas fa-caret-up\"><\/i><\/span>\n\t\t\t\t\t\t\t\t\t\t\t\t\t<\/span>\n\t\t\t\t\t\t\t\t\t\t\t\t<a class=\"elementor-toggle-title\" tabindex=\"0\">Globalna sie\u0107<\/a>\n\t\t\t\t\t<\/div>\n\n\t\t\t\t\t<div id=\"elementor-tab-content-2072\" class=\"elementor-tab-content elementor-clearfix\" data-tab=\"2\" role=\"region\" aria-labelledby=\"elementor-tab-title-2072\"><p>Blisko\u015b\u0107 klient\u00f3w i stabilna globalna sie\u0107 dostawc\u00f3w by\u0142y strategicznymi celami Selectchemie od samego pocz\u0105tku. W 1970 roku Andr\u00e9 Baudet za\u0142o\u017cy\u0142 pierwsz\u0105 mi\u0119dzynarodow\u0105 lokalizacj\u0119 w S\u00e3o Paulo w Brazylii, wraz z Walterem S\u00e4gesserem jako partnerem i dyrektorem zarz\u0105dzaj\u0105cym. W latach 90-tych powsta\u0142y lokalizacje w Rumunii, Bu\u0142garii, Peru, Polsce i Serbii, a tak\u017ce Selectchemie France i Italy, w kt\u00f3rych Selectchemie AG posiada\u0142a mniejszo\u015bciowe udzia\u0142y. Udzia\u0142y w Selectchemie Italy zosta\u0142y zbyte w 2022 roku. Pierwsze biuro sourcingowe zosta\u0142o otwarte w Chinach w 1996 roku, a drugie w Indiach w 2004 roku. Kolejne lokalizacje zosta\u0142y otwarte w Turcji, na Ukrainie, w Niemczech i Argentynie w 2000 roku. Nast\u0119pnie otwarto biura w Hiszpanii i Meksyku, a w 2018 r. za\u0142o\u017cono Selectchemie GmbH w Hamburgu w Niemczech. Biuro w Egipcie zosta\u0142o otwarte w 2022 roku. Dwie kolejne szwajcarskie lokalizacje zosta\u0142y otwarte we francuskoj\u0119zycznej Szwajcarii i Ticino w 2023 roku.<\/p><\/div>\n\t\t\t\t<\/div>\n\t\t\t\t\t\t\t<div class=\"elementor-toggle-item\">\n\t\t\t\t\t<div id=\"elementor-tab-title-2073\" class=\"elementor-tab-title\" data-tab=\"3\" role=\"button\" aria-controls=\"elementor-tab-content-2073\" aria-expanded=\"false\">\n\t\t\t\t\t\t\t\t\t\t\t\t<span class=\"elementor-toggle-icon elementor-toggle-icon-right\" aria-hidden=\"true\">\n\t\t\t\t\t\t\t\t\t\t\t\t\t\t\t<span class=\"elementor-toggle-icon-closed\"><i class=\"fas fa-caret-right\"><\/i><\/span>\n\t\t\t\t\t\t\t\t<span class=\"elementor-toggle-icon-opened\"><i class=\"elementor-toggle-icon-opened fas fa-caret-up\"><\/i><\/span>\n\t\t\t\t\t\t\t\t\t\t\t\t\t<\/span>\n\t\t\t\t\t\t\t\t\t\t\t\t<a class=\"elementor-toggle-title\" tabindex=\"0\">Rozw\u00f3j dzia\u0142alno\u015bci biznesowej<\/a>\n\t\t\t\t\t<\/div>\n\n\t\t\t\t\t<div id=\"elementor-tab-content-2073\" class=\"elementor-tab-content elementor-clearfix\" data-tab=\"3\" role=\"region\" aria-labelledby=\"elementor-tab-title-2073\"><p>Pierwotna podstawowa dzia\u0142alno\u015b\u0107 Selectchemie polega\u0142a na dystrybucji dodatk\u00f3w paszowych dla zwierz\u0105t. Z dwunastoosobowym zespo\u0142em firma szybko ugruntowa\u0142a swoj\u0105 pozycj\u0119 jako zaufany partner w szwajcarskim przemy\u015ble paszowym, wyr\u00f3\u017cniaj\u0105cy si\u0119 wiedz\u0105 naukow\u0105. Od samego pocz\u0105tku Selectchemie pozycjonowa\u0142a si\u0119 nie jako tradycyjny handlowiec, ale jako dostawca us\u0142ug kompleksowych.<\/p>\n<p data-start=\"460\" data-end=\"926\">__OPENROUTER_FAILED__.<\/p>\n<p data-start=\"928\" data-end=\"1678\">Dzia\u0142 \u017bywienia Cz\u0142owieka powsta\u0142 w 1990 roku. W zwi\u0105zku z coraz bardziej rygorystycznymi wymaganiami regulacyjnymi w sektorze pasz dla zwierz\u0105t, szczeg\u00f3lnie dotycz\u0105cymi antybiotyk\u00f3w i stymulator\u00f3w wzrostu, dzia\u0142alno\u015b\u0107 ta zosta\u0142a zako\u0144czona w 2014 roku z powod\u00f3w strategicznych. W tym samym roku Selectchemie otworzy\u0142o w\u0142asne laboratorium aplikacyjne, aby wzmocni\u0107 swoje mo\u017cliwo\u015bci obs\u0142ugi klienta. Dzia\u0142 \u017bywienia sta\u0142 si\u0119 wiod\u0105c\u0105 platform\u0105 dystrybucyjn\u0105 dla szwajskiego przemys\u0142u spo\u017cywczego i suplement\u00f3w diety, a od 2023 roku dzia\u0142a pod mark\u0105 Selectnutrition. W grudniu 2025 roku Selectchemie podpisa\u0142o umow\u0119 o zbyciu tej dzia\u0142alno\u015bci, kt\u00f3ra wesz\u0142a w \u017cycie 1 kwietnia 2026 roku, co stanowi strategiczny krok w kierunku silniejszego skupienia si\u0119 na jego podstawowej dzia\u0142alno\u015bci farmaceutycznej.<\/p>\n<p>W 2010 roku Selectchemie rozszerzy\u0142a sw\u00f3j model biznesowy o gotowe postacie farmaceutyczne (FDF) w celu opracowywania i wprowadzania na rynek w\u0142asnych lek\u00f3w generycznych we wsp\u00f3\u0142pracy z partnerami projektowymi i finansuj\u0105cymi. Pierwszy produkt, Kaspofungina, zosta\u0142 wprowadzony na rynek w 2017 r., a nast\u0119pnie Anidulafungina w 2019 r. i Mikafungina w 2020 r.<\/p><\/div>\n\t\t\t\t<\/div>\n\t\t\t\t\t\t\t<div class=\"elementor-toggle-item\">\n\t\t\t\t\t<div id=\"elementor-tab-title-2074\" class=\"elementor-tab-title\" data-tab=\"4\" role=\"button\" aria-controls=\"elementor-tab-content-2074\" aria-expanded=\"false\">\n\t\t\t\t\t\t\t\t\t\t\t\t<span class=\"elementor-toggle-icon elementor-toggle-icon-right\" aria-hidden=\"true\">\n\t\t\t\t\t\t\t\t\t\t\t\t\t\t\t<span class=\"elementor-toggle-icon-closed\"><i class=\"fas fa-caret-right\"><\/i><\/span>\n\t\t\t\t\t\t\t\t<span class=\"elementor-toggle-icon-opened\"><i class=\"elementor-toggle-icon-opened fas fa-caret-up\"><\/i><\/span>\n\t\t\t\t\t\t\t\t\t\t\t\t\t<\/span>\n\t\t\t\t\t\t\t\t\t\t\t\t<a class=\"elementor-toggle-title\" tabindex=\"0\">Standardy jako\u015bci<\/a>\n\t\t\t\t\t<\/div>\n\n\t\t\t\t\t<div id=\"elementor-tab-content-2074\" class=\"elementor-tab-content elementor-clearfix\" data-tab=\"4\" role=\"region\" aria-labelledby=\"elementor-tab-title-2074\"><p>Zapewnienie najwy\u017cszej i sta\u0142ej jako\u015bci we wszystkich dzia\u0142aniach biznesowych jest kluczowe dla Selectchemie. W 1994 roku firma Selectchemie uzyska\u0142a certyfikat ISO 9001, a w 2001 roku certyfikat GMP i GDP wydany przez Swissmedic. Nast\u0119pnie uzyskali\u015bmy kolejne certyfikaty, a w 2015 roku przeszli\u015bmy na norm\u0119 ISO 22000. Aby m\u00f3c importowa\u0107 sk\u0142adniki aktywne do Unii Europejskiej, otrzymali\u015bmy certyfikat zgodnie z sekcj\u0105 67 AMG (niemiecka ustawa o produktach leczniczych), a p\u00f3\u017aniej tak\u017ce zatwierdzenie zgodnie z sekcj\u0105 52 AMG dla hurtowego handlu produktami farmaceutycznymi.<\/p><\/div>\n\t\t\t\t<\/div>\n\t\t\t\t\t\t\t\t<\/div>\n\t\t\t\t\t\t<\/div>\n\t\t\t\t<\/div>\n\t\t\t\t<\/div>\n\t\t\t\t\t<\/div>\n\t\t\t\t<\/div>\n\t\t\t\t<\/div>\n\t\t<div class=\"elementor-element elementor-element-bf76c73 e-flex e-con-boxed e-con e-parent\" data-id=\"bf76c73\" data-element_type=\"container\" data-e-type=\"container\" data-settings=\"{&quot;background_background&quot;:&quot;classic&quot;}\">\n\t\t\t\t\t<div class=\"e-con-inner\">\n\t\t<div class=\"elementor-element elementor-element-59c3675 e-con-full e-flex e-con e-child\" data-id=\"59c3675\" data-element_type=\"container\" data-e-type=\"container\">\n\t\t\t\t<div class=\"elementor-element elementor-element-6c4da78 elementor-view-default elementor-widget elementor-widget-icon\" data-id=\"6c4da78\" data-element_type=\"widget\" data-e-type=\"widget\" data-settings=\"{&quot;_animation&quot;:&quot;none&quot;}\" data-widget_type=\"icon.default\">\n\t\t\t\t<div class=\"elementor-widget-container\">\n\t\t\t\t\t\t\t<div class=\"elementor-icon-wrapper\">\n\t\t\t<div class=\"elementor-icon\">\n\t\t\t<i aria-hidden=\"true\" class=\"fas fa-quote-right\"><\/i>\t\t\t<\/div>\n\t\t<\/div>\n\t\t\t\t\t\t<\/div>\n\t\t\t\t<\/div>\n\t\t\t\t<div class=\"elementor-element elementor-element-bdda451 elementor-widget elementor-widget-text-editor\" data-id=\"bdda451\" data-element_type=\"widget\" data-e-type=\"widget\" data-widget_type=\"text-editor.default\">\n\t\t\t\t<div class=\"elementor-widget-container\">\n\t\t\t\t\t\t\t\t\t<p>Lata za\u0142o\u017cycielskie najlepiej opisuje cytat Demokryta: \"\u015amia\u0142o\u015b\u0107 rozpoczyna czyn; ale przypadek rz\u0105dzi jego uko\u0144czeniem\".&nbsp;<\/p>\t\t\t\t\t\t\t\t<\/div>\n\t\t\t\t<\/div>\n\t\t\t\t<\/div>\n\t\t<div class=\"elementor-element elementor-element-02e3219 e-con-full e-flex e-con e-child\" data-id=\"02e3219\" data-element_type=\"container\" data-e-type=\"container\">\n\t\t\t\t<div class=\"elementor-element elementor-element-f568dc9 elementor-widget elementor-widget-image\" data-id=\"f568dc9\" data-element_type=\"widget\" data-e-type=\"widget\" data-widget_type=\"image.default\">\n\t\t\t\t<div class=\"elementor-widget-container\">\n\t\t\t\t\t\t\t\t\t\t\t\t\t\t\t<img decoding=\"async\" width=\"800\" height=\"800\" src=\"https:\/\/www.selectchemie.com\/wp-content\/uploads\/2023\/10\/Portrait_800x800_Mueller_Hugo.jpg\" class=\"attachment-full size-full wp-image-22243\" alt=\"\" srcset=\"https:\/\/www.selectchemie.com\/wp-content\/uploads\/2023\/10\/Portrait_800x800_Mueller_Hugo.jpg 800w, https:\/\/www.selectchemie.com\/wp-content\/uploads\/2023\/10\/Portrait_800x800_Mueller_Hugo-300x300.jpg 300w, https:\/\/www.selectchemie.com\/wp-content\/uploads\/2023\/10\/elementor\/thumbs\/Portrait_800x800_Mueller_Hugo-qdczl12ijq5psdbbzcphkm3qa0kyjho5b6m0cm2jx8.jpg 150w, https:\/\/www.selectchemie.com\/wp-content\/uploads\/2023\/10\/Portrait_800x800_Mueller_Hugo-768x768.jpg 768w\" sizes=\"(max-width: 800px) 100vw, 800px\" \/>\t\t\t\t\t\t\t\t\t\t\t\t\t\t\t<\/div>\n\t\t\t\t<\/div>\n\t\t\t\t<div class=\"elementor-element elementor-element-8fe3cab elementor-widget elementor-widget-heading\" data-id=\"8fe3cab\" data-element_type=\"widget\" data-e-type=\"widget\" data-widget_type=\"heading.default\">\n\t\t\t\t<div class=\"elementor-widget-container\">\n\t\t\t\t\t<h2 class=\"elementor-heading-title elementor-size-default\">Hugo M\u00fcller<\/h2>\t\t\t\t<\/div>\n\t\t\t\t<\/div>\n\t\t\t\t<div class=\"elementor-element elementor-element-5254d4c elementor-widget elementor-widget-heading\" data-id=\"5254d4c\" data-element_type=\"widget\" data-e-type=\"widget\" data-widget_type=\"heading.default\">\n\t\t\t\t<div class=\"elementor-widget-container\">\n\t\t\t\t\t<h4 class=\"elementor-heading-title elementor-size-default\">Wsp\u00f3\u0142za\u0142o\u017cyciel i by\u0142y dyrektor Pharma Switzerland, urodzony w 1943 r.<\/h4>\t\t\t\t<\/div>\n\t\t\t\t<\/div>\n\t\t\t\t<\/div>\n\t\t\t\t\t<\/div>\n\t\t\t\t<\/div>\n\t\t\t\t<\/div>","protected":false},"excerpt":{"rendered":"<p>About us Our company history Selectchemie was founded in 1969 in Zurich, Switzerland. From the beginning, the strategic focus was on quality,&nbsp; stable partnerships with international suppliers and closeness to our customers, as it still is today. Find out more about our origin and development. Management around 1980, left to right: W. Gassmann (Director Pharma [&hellip;]<\/p>\n","protected":false},"author":1,"featured_media":0,"parent":16385,"menu_order":5,"comment_status":"closed","ping_status":"closed","template":"","meta":{"_acf_changed":false,"_seopress_robots_primary_cat":"","_seopress_titles_title":"Our company history \u2013 Swiss solutions since 1969","_seopress_titles_desc":"Selectchemie was founded in 1969 in Switzerland. From the beginning, the strategic focus was on quality, an international supplier network and customer closeness.","_seopress_robots_index":"","_seopress_analysis_target_kw":"","footnotes":""},"folder":[],"class_list":["post-19524","page","type-page","status-publish","hentry"],"acf":[],"_links":{"self":[{"href":"https:\/\/www.selectchemie.com\/pl\/wp-json\/wp\/v2\/pages\/19524","targetHints":{"allow":["GET"]}}],"collection":[{"href":"https:\/\/www.selectchemie.com\/pl\/wp-json\/wp\/v2\/pages"}],"about":[{"href":"https:\/\/www.selectchemie.com\/pl\/wp-json\/wp\/v2\/types\/page"}],"author":[{"embeddable":true,"href":"https:\/\/www.selectchemie.com\/pl\/wp-json\/wp\/v2\/users\/1"}],"replies":[{"embeddable":true,"href":"https:\/\/www.selectchemie.com\/pl\/wp-json\/wp\/v2\/comments?post=19524"}],"version-history":[{"count":9,"href":"https:\/\/www.selectchemie.com\/pl\/wp-json\/wp\/v2\/pages\/19524\/revisions"}],"predecessor-version":[{"id":24806,"href":"https:\/\/www.selectchemie.com\/pl\/wp-json\/wp\/v2\/pages\/19524\/revisions\/24806"}],"up":[{"embeddable":true,"href":"https:\/\/www.selectchemie.com\/pl\/wp-json\/wp\/v2\/pages\/16385"}],"wp:attachment":[{"href":"https:\/\/www.selectchemie.com\/pl\/wp-json\/wp\/v2\/media?parent=19524"}],"wp:term":[{"taxonomy":"folder","embeddable":true,"href":"https:\/\/www.selectchemie.com\/pl\/wp-json\/wp\/v2\/folder?post=19524"}],"curies":[{"name":"wp","href":"https:\/\/api.w.org\/{rel}","templated":true}]}}