{"id":19625,"date":"2023-09-08T12:31:06","date_gmt":"2023-09-08T12:31:06","guid":{"rendered":"https:\/\/selectchemie.aretis-staging.ch\/?page_id=19625"},"modified":"2025-10-10T10:17:11","modified_gmt":"2025-10-10T08:17:11","slug":"legal-notice","status":"publish","type":"page","link":"https:\/\/www.selectchemie.com\/pl\/legal-notice\/","title":{"rendered":"Nota prawna"},"content":{"rendered":"<style>.elementor-19625 .elementor-element.elementor-element-d62e591{--display:flex;--flex-direction:column;--container-widget-width:100%;--container-widget-height:initial;--container-widget-flex-grow:0;--container-widget-align-self:initial;--flex-wrap-mobile:wrap;--padding-top:90px;--padding-bottom:90px;--padding-left:60px;--padding-right:60px;}.elementor-19625 .elementor-element.elementor-element-d62e591:not(.elementor-motion-effects-element-type-background), .elementor-19625 .elementor-element.elementor-element-d62e591 > .elementor-motion-effects-container > .elementor-motion-effects-layer{background-color:var( --e-global-color-c46378f );}.elementor-19625 .elementor-element.elementor-element-0cd93a0{--display:flex;}.elementor-widget-text-editor{font-family:var( --e-global-typography-text-font-family ), Sans-serif;font-weight:var( --e-global-typography-text-font-weight );color:var( --e-global-color-text );}.elementor-widget-text-editor.elementor-drop-cap-view-stacked .elementor-drop-cap{background-color:var( --e-global-color-primary );}.elementor-widget-text-editor.elementor-drop-cap-view-framed .elementor-drop-cap, .elementor-widget-text-editor.elementor-drop-cap-view-default .elementor-drop-cap{color:var( --e-global-color-primary );border-color:var( --e-global-color-primary );}.elementor-19625 .elementor-element.elementor-element-e0f1583{text-align:center;font-size:20px;font-weight:500;color:var( --e-global-color-text );}.elementor-19625 .elementor-element.elementor-element-e0f1583 > .elementor-widget-container{margin:0px 0px 0px 0px;padding:0px 0px 0px 0px;}.elementor-widget-heading .elementor-heading-title{font-family:var( --e-global-typography-primary-font-family ), Sans-serif;font-weight:var( --e-global-typography-primary-font-weight );color:var( --e-global-color-primary );}.elementor-19625 .elementor-element.elementor-element-6d823cf{text-align:center;}.elementor-19625 .elementor-element.elementor-element-6d823cf .elementor-heading-title{font-size:57px;color:var( --e-global-color-primary );}.elementor-19625 .elementor-element.elementor-element-6d823cf > .elementor-widget-container{padding:0px 0px 0px 0px;}.elementor-widget-divider{--divider-color:var( --e-global-color-secondary );}.elementor-widget-divider .elementor-divider__text{color:var( --e-global-color-secondary );font-family:var( --e-global-typography-secondary-font-family ), Sans-serif;font-weight:var( --e-global-typography-secondary-font-weight );}.elementor-widget-divider.elementor-view-stacked .elementor-icon{background-color:var( --e-global-color-secondary );}.elementor-widget-divider.elementor-view-framed .elementor-icon, .elementor-widget-divider.elementor-view-default .elementor-icon{color:var( --e-global-color-secondary );border-color:var( --e-global-color-secondary );}.elementor-widget-divider.elementor-view-framed .elementor-icon, .elementor-widget-divider.elementor-view-default .elementor-icon svg{fill:var( --e-global-color-secondary );}.elementor-19625 .elementor-element.elementor-element-0eb60d0{--divider-border-style:solid;--divider-color:var( --e-global-color-secondary );--divider-border-width:4px;}.elementor-19625 .elementor-element.elementor-element-0eb60d0 .elementor-divider-separator{width:100px;margin:0 auto;margin-center:0;}.elementor-19625 .elementor-element.elementor-element-0eb60d0 .elementor-divider{text-align:center;padding-block-start:10px;padding-block-end:10px;}.elementor-19625 .elementor-element.elementor-element-7410377{--display:flex;--flex-direction:row;--container-widget-width:initial;--container-widget-height:100%;--container-widget-flex-grow:1;--container-widget-align-self:stretch;--flex-wrap-mobile:wrap;--gap:77px 77px;--row-gap:77px;--column-gap:77px;}.elementor-19625 .elementor-element.elementor-element-06bed16{--display:flex;}.elementor-19625 .elementor-element.elementor-element-cf2d530 .elementor-heading-title{font-family:\"Titillium Web\", Sans-serif;font-size:21px;font-weight:600;}.elementor-19625 .elementor-element.elementor-element-a363c3d{font-family:\"Titillium Web\", Sans-serif;font-size:16px;font-weight:400;}.elementor-19625 .elementor-element.elementor-element-dbf8166{--divider-border-style:solid;--divider-color:#CFCFCF;--divider-border-width:1px;}.elementor-19625 .elementor-element.elementor-element-dbf8166 .elementor-divider-separator{width:100%;}.elementor-19625 .elementor-element.elementor-element-dbf8166 .elementor-divider{padding-block-start:2px;padding-block-end:2px;}.elementor-19625 .elementor-element.elementor-element-193781d .elementor-heading-title{font-family:\"Titillium Web\", Sans-serif;font-size:21px;font-weight:600;}.elementor-19625 .elementor-element.elementor-element-bd24f6b{font-family:\"Titillium Web\", Sans-serif;font-size:16px;font-weight:400;}.elementor-19625 .elementor-element.elementor-element-daee96a{--divider-border-style:solid;--divider-color:#CFCFCF;--divider-border-width:1px;}.elementor-19625 .elementor-element.elementor-element-daee96a .elementor-divider-separator{width:100%;}.elementor-19625 .elementor-element.elementor-element-daee96a .elementor-divider{padding-block-start:2px;padding-block-end:2px;}.elementor-19625 .elementor-element.elementor-element-985cbb9 .elementor-heading-title{font-family:\"Titillium Web\", Sans-serif;font-size:21px;font-weight:600;}.elementor-19625 .elementor-element.elementor-element-18d36db{font-family:\"Titillium Web\", Sans-serif;font-size:16px;font-weight:400;}.elementor-19625 .elementor-element.elementor-element-fbcf04b{--display:flex;}.elementor-19625 .elementor-element.elementor-element-df998b4 .elementor-heading-title{font-family:\"Titillium Web\", Sans-serif;font-size:21px;font-weight:600;}.elementor-19625 .elementor-element.elementor-element-e0981d6{font-family:\"Titillium Web\", Sans-serif;font-size:16px;font-weight:400;}.elementor-19625 .elementor-element.elementor-element-32f116c{--divider-border-style:solid;--divider-color:#CFCFCF;--divider-border-width:1px;}.elementor-19625 .elementor-element.elementor-element-32f116c .elementor-divider-separator{width:100%;}.elementor-19625 .elementor-element.elementor-element-32f116c .elementor-divider{padding-block-start:2px;padding-block-end:2px;}.elementor-19625 .elementor-element.elementor-element-f458d85 .elementor-heading-title{font-family:\"Titillium Web\", Sans-serif;font-size:21px;font-weight:600;}.elementor-19625 .elementor-element.elementor-element-2bbdb13{font-family:\"Titillium Web\", Sans-serif;font-size:16px;font-weight:400;}.elementor-19625 .elementor-element.elementor-element-17ef262{--divider-border-style:solid;--divider-color:#CFCFCF;--divider-border-width:1px;}.elementor-19625 .elementor-element.elementor-element-17ef262 .elementor-divider-separator{width:100%;}.elementor-19625 .elementor-element.elementor-element-17ef262 .elementor-divider{padding-block-start:2px;padding-block-end:2px;}.elementor-19625 .elementor-element.elementor-element-8b7932e .elementor-heading-title{font-family:\"Titillium Web\", Sans-serif;font-size:21px;font-weight:600;}.elementor-19625 .elementor-element.elementor-element-596f19e{font-family:\"Titillium Web\", Sans-serif;font-size:16px;font-weight:400;}:root{--page-title-display:none;}@media(max-width:1024px){.elementor-19625 .elementor-element.elementor-element-6d823cf .elementor-heading-title{font-size:55px;}}@media(min-width:768px){.elementor-19625 .elementor-element.elementor-element-0cd93a0{--content-width:923px;}}@media(max-width:767px){.elementor-19625 .elementor-element.elementor-element-e0f1583{text-align:center;}.elementor-19625 .elementor-element.elementor-element-6d823cf{text-align:center;}.elementor-19625 .elementor-element.elementor-element-6d823cf .elementor-heading-title{font-size:35px;}.elementor-19625 .elementor-element.elementor-element-6d823cf > .elementor-widget-container{padding:0px 0px 0px 0px;}.elementor-19625 .elementor-element.elementor-element-0eb60d0 .elementor-divider{text-align:center;}.elementor-19625 .elementor-element.elementor-element-0eb60d0 .elementor-divider-separator{margin:0 auto;margin-center:0;}}<\/style>\t\t<div data-elementor-type=\"wp-page\" data-elementor-id=\"19625\" class=\"elementor elementor-19625\" data-elementor-post-type=\"page\">\n\t\t\t\t<div class=\"elementor-element elementor-element-d62e591 e-flex e-con-boxed e-con e-parent\" data-id=\"d62e591\" data-element_type=\"container\" data-e-type=\"container\" data-settings=\"{&quot;background_background&quot;:&quot;classic&quot;}\">\n\t\t\t\t\t<div class=\"e-con-inner\">\n\t\t<div class=\"elementor-element elementor-element-0cd93a0 e-flex e-con-boxed e-con e-child\" data-id=\"0cd93a0\" data-element_type=\"container\" data-e-type=\"container\">\n\t\t\t\t\t<div class=\"e-con-inner\">\n\t\t\t\t<div class=\"elementor-element elementor-element-e0f1583 elementor-widget elementor-widget-text-editor\" data-id=\"e0f1583\" data-element_type=\"widget\" data-e-type=\"widget\" data-widget_type=\"text-editor.default\">\n\t\t\t\t<div class=\"elementor-widget-container\">\n\t\t\t\t\t\t\t\t\tSelectchemie AG\t\t\t\t\t\t\t\t<\/div>\n\t\t\t\t<\/div>\n\t\t\t\t<div class=\"elementor-element elementor-element-6d823cf elementor-widget elementor-widget-heading\" data-id=\"6d823cf\" data-element_type=\"widget\" data-e-type=\"widget\" data-widget_type=\"heading.default\">\n\t\t\t\t<div class=\"elementor-widget-container\">\n\t\t\t\t\t<h3 class=\"elementor-heading-title elementor-size-default\">Nota prawna<\/h3>\t\t\t\t<\/div>\n\t\t\t\t<\/div>\n\t\t\t\t<div class=\"elementor-element elementor-element-0eb60d0 elementor-widget-divider--view-line elementor-widget elementor-widget-divider\" data-id=\"0eb60d0\" data-element_type=\"widget\" data-e-type=\"widget\" data-widget_type=\"divider.default\">\n\t\t\t\t<div class=\"elementor-widget-container\">\n\t\t\t\t\t\t\t<div class=\"elementor-divider\">\n\t\t\t<span class=\"elementor-divider-separator\">\n\t\t\t\t\t\t<\/span>\n\t\t<\/div>\n\t\t\t\t\t\t<\/div>\n\t\t\t\t<\/div>\n\t\t\t\t\t<\/div>\n\t\t\t\t<\/div>\n\t\t<div class=\"elementor-element elementor-element-7410377 e-flex e-con-boxed e-con e-child\" data-id=\"7410377\" data-element_type=\"container\" data-e-type=\"container\">\n\t\t\t\t\t<div class=\"e-con-inner\">\n\t\t<div class=\"elementor-element elementor-element-06bed16 e-flex e-con-boxed e-con e-child\" data-id=\"06bed16\" data-element_type=\"container\" data-e-type=\"container\">\n\t\t\t\t\t<div class=\"e-con-inner\">\n\t\t\t\t<div class=\"elementor-element elementor-element-cf2d530 elementor-widget elementor-widget-heading\" data-id=\"cf2d530\" data-element_type=\"widget\" data-e-type=\"widget\" data-widget_type=\"heading.default\">\n\t\t\t\t<div class=\"elementor-widget-container\">\n\t\t\t\t\t<h4 class=\"elementor-heading-title elementor-size-default\">Edytor<\/h4>\t\t\t\t<\/div>\n\t\t\t\t<\/div>\n\t\t\t\t<div class=\"elementor-element elementor-element-a363c3d elementor-widget elementor-widget-text-editor\" data-id=\"a363c3d\" data-element_type=\"widget\" data-e-type=\"widget\" data-widget_type=\"text-editor.default\">\n\t\t\t\t<div class=\"elementor-widget-container\">\n\t\t\t\t\t\t\t\t\t<p><strong>Selectchemie AG<\/strong><br \/>Etzelstrasse 42<br \/>CH-8038 Zurych<br \/>Szwajcaria<\/p><p>Tel. +41 44 487 96 11<br \/>Fax. +41 44 487 96 90<br \/><a href=\"mailto:info@selectchemie.com\"><span style=\"display:inline;unicode-bidi:bidi-override;direction:rtl;\" class=\"\">moc.eimehctceles<span style=\"display:none;\">obfsctd-3a5926<\/span>@ofni<\/span><\/a><br \/><a href=\"http:\/\/www.selectchemie.com\/pl\/\">www.selectchemie.com<\/a><\/p>\t\t\t\t\t\t\t\t<\/div>\n\t\t\t\t<\/div>\n\t\t\t\t<div class=\"elementor-element elementor-element-dbf8166 elementor-widget-divider--view-line elementor-widget elementor-widget-divider\" data-id=\"dbf8166\" data-element_type=\"widget\" data-e-type=\"widget\" data-widget_type=\"divider.default\">\n\t\t\t\t<div class=\"elementor-widget-container\">\n\t\t\t\t\t\t\t<div class=\"elementor-divider\">\n\t\t\t<span class=\"elementor-divider-separator\">\n\t\t\t\t\t\t<\/span>\n\t\t<\/div>\n\t\t\t\t\t\t<\/div>\n\t\t\t\t<\/div>\n\t\t\t\t<div class=\"elementor-element elementor-element-193781d elementor-widget elementor-widget-heading\" data-id=\"193781d\" data-element_type=\"widget\" data-e-type=\"widget\" data-widget_type=\"heading.default\">\n\t\t\t\t<div class=\"elementor-widget-container\">\n\t\t\t\t\t<h4 class=\"elementor-heading-title elementor-size-default\">Realizacja, wdro\u017cenie, programowanie i technologia<\/h4>\t\t\t\t<\/div>\n\t\t\t\t<\/div>\n\t\t\t\t<div class=\"elementor-element elementor-element-bd24f6b elementor-widget elementor-widget-text-editor\" data-id=\"bd24f6b\" data-element_type=\"widget\" data-e-type=\"widget\" data-widget_type=\"text-editor.default\">\n\t\t\t\t<div class=\"elementor-widget-container\">\n\t\t\t\t\t\t\t\t\t<p>aretis\u00ae Webagentur<br \/>Morgartenstrasse 6<br \/>8004 Zurych<br \/><a href=\"https:\/\/www.aretis.ch\/leistungen\/webdesign-zuerich\/\">aretis\u00ae Webagentur &amp; Webdesign<\/a><br \/>Tel. +41 44 245 20 60<\/p>\t\t\t\t\t\t\t\t<\/div>\n\t\t\t\t<\/div>\n\t\t\t\t<div class=\"elementor-element elementor-element-daee96a elementor-widget-divider--view-line elementor-widget elementor-widget-divider\" data-id=\"daee96a\" data-element_type=\"widget\" data-e-type=\"widget\" data-widget_type=\"divider.default\">\n\t\t\t\t<div class=\"elementor-widget-container\">\n\t\t\t\t\t\t\t<div class=\"elementor-divider\">\n\t\t\t<span class=\"elementor-divider-separator\">\n\t\t\t\t\t\t<\/span>\n\t\t<\/div>\n\t\t\t\t\t\t<\/div>\n\t\t\t\t<\/div>\n\t\t\t\t<div class=\"elementor-element elementor-element-985cbb9 elementor-widget elementor-widget-heading\" data-id=\"985cbb9\" data-element_type=\"widget\" data-e-type=\"widget\" data-widget_type=\"heading.default\">\n\t\t\t\t<div class=\"elementor-widget-container\">\n\t\t\t\t\t<h4 class=\"elementor-heading-title elementor-size-default\">Zdj\u0119cia \/ Fotograf\n<\/h4>\t\t\t\t<\/div>\n\t\t\t\t<\/div>\n\t\t\t\t<div class=\"elementor-element elementor-element-18d36db elementor-widget elementor-widget-text-editor\" data-id=\"18d36db\" data-element_type=\"widget\" data-e-type=\"widget\" data-widget_type=\"text-editor.default\">\n\t\t\t\t<div class=\"elementor-widget-container\">\n\t\t\t\t\t\t\t\t\t<div class=\"elementor-element elementor-element-9415d0b elementor-widget elementor-widget-text-editor\" data-id=\"9415d0b\" data-element_type=\"widget\" data-widget_type=\"text-editor.default\"><div class=\"elementor-widget-container\"><p><a title=\"Fotograf\" href=\"https:\/\/www.grether-photography.com\/zuerich-aargau\/fotograf-zuerich\/\">Grether Business Fotograf w Zurychu<\/a><\/p><\/div><\/div>\t\t\t\t\t\t\t\t<\/div>\n\t\t\t\t<\/div>\n\t\t\t\t\t<\/div>\n\t\t\t\t<\/div>\n\t\t<div class=\"elementor-element elementor-element-fbcf04b e-flex e-con-boxed e-con e-child\" data-id=\"fbcf04b\" data-element_type=\"container\" data-e-type=\"container\">\n\t\t\t\t\t<div class=\"e-con-inner\">\n\t\t\t\t<div class=\"elementor-element elementor-element-df998b4 elementor-widget elementor-widget-heading\" data-id=\"df998b4\" data-element_type=\"widget\" data-e-type=\"widget\" data-widget_type=\"heading.default\">\n\t\t\t\t<div class=\"elementor-widget-container\">\n\t\t\t\t\t<h4 class=\"elementor-heading-title elementor-size-default\">Odpowiedzialno\u015b\u0107<\/h4>\t\t\t\t<\/div>\n\t\t\t\t<\/div>\n\t\t\t\t<div class=\"elementor-element elementor-element-e0981d6 elementor-widget elementor-widget-text-editor\" data-id=\"e0981d6\" data-element_type=\"widget\" data-e-type=\"widget\" data-widget_type=\"text-editor.default\">\n\t\t\t\t<div class=\"elementor-widget-container\">\n\t\t\t\t\t\t\t\t\t<p>Chocia\u017c Selectchemie AG dok\u0142ada wszelkich stara\u0144, aby publikowane informacje by\u0142y prawid\u0142owe, nie mo\u017cna udzieli\u0107 \u017cadnej gwarancji w odniesieniu do poprawno\u015bci, dok\u0142adno\u015bci, aktualno\u015bci, wiarygodno\u015bci i kompletno\u015bci tych informacji.<\/p><p>W szczeg\u00f3lno\u015bci Selectchemie AG udost\u0119pnia na swojej stronie internetowej (www.selectchemie.com) og\u00f3lne informacje na temat sp\u00f3\u0142ki, jej produkt\u00f3w i zakresu us\u0142ug. Informacje te nie stanowi\u0105 indywidualnej porady i nie mog\u0105 jej zast\u0105pi\u0107. Selectchemie AG wyra\u017anie zastrzega sobie prawo do zmiany lub usuni\u0119cia tre\u015bci w ca\u0142o\u015bci lub w cz\u0119\u015bci w dowolnym czasie i bez uprzedzenia.<\/p><p>Roszczenia z tytu\u0142u odpowiedzialno\u015bci za szkody spowodowane wykorzystaniem jakichkolwiek dostarczonych informacji, w tym wszelkiego rodzaju informacji, kt\u00f3re s\u0105 niekompletne lub nieprawid\u0142owe, zostan\u0105 zatem odrzucone.<\/p>\t\t\t\t\t\t\t\t<\/div>\n\t\t\t\t<\/div>\n\t\t\t\t<div class=\"elementor-element elementor-element-32f116c elementor-widget-divider--view-line elementor-widget elementor-widget-divider\" data-id=\"32f116c\" data-element_type=\"widget\" data-e-type=\"widget\" data-widget_type=\"divider.default\">\n\t\t\t\t<div class=\"elementor-widget-container\">\n\t\t\t\t\t\t\t<div class=\"elementor-divider\">\n\t\t\t<span class=\"elementor-divider-separator\">\n\t\t\t\t\t\t<\/span>\n\t\t<\/div>\n\t\t\t\t\t\t<\/div>\n\t\t\t\t<\/div>\n\t\t\t\t<div class=\"elementor-element elementor-element-f458d85 elementor-widget elementor-widget-heading\" data-id=\"f458d85\" data-element_type=\"widget\" data-e-type=\"widget\" data-widget_type=\"heading.default\">\n\t\t\t\t<div class=\"elementor-widget-container\">\n\t\t\t\t\t<h4 class=\"elementor-heading-title elementor-size-default\">Referencje i linki<\/h4>\t\t\t\t<\/div>\n\t\t\t\t<\/div>\n\t\t\t\t<div class=\"elementor-element elementor-element-2bbdb13 elementor-widget elementor-widget-text-editor\" data-id=\"2bbdb13\" data-element_type=\"widget\" data-e-type=\"widget\" data-widget_type=\"text-editor.default\">\n\t\t\t\t<div class=\"elementor-widget-container\">\n\t\t\t\t\t\t\t\t\t<p>Selectchemie nie ponosi odpowiedzialno\u015bci za odno\u015bniki i linki do stron internetowych os\u00f3b trzecich. Odpowiedzialno\u015b\u0107 za informacje i us\u0142ugi zawarte na stronach, do kt\u00f3rych prowadz\u0105 odno\u015bniki, ponosi wy\u0142\u0105cznie dana strona trzecia. U\u017cytkownik uzyskuje dost\u0119p do takich stron internetowych i korzysta z nich na w\u0142asne ryzyko. Selectchemie nie ma \u017cadnego wp\u0142ywu na wygl\u0105d, tre\u015b\u0107 i oferty stron, do kt\u00f3rych prowadz\u0105 linki.<\/p>\t\t\t\t\t\t\t\t<\/div>\n\t\t\t\t<\/div>\n\t\t\t\t<div class=\"elementor-element elementor-element-17ef262 elementor-widget-divider--view-line elementor-widget elementor-widget-divider\" data-id=\"17ef262\" data-element_type=\"widget\" data-e-type=\"widget\" data-widget_type=\"divider.default\">\n\t\t\t\t<div class=\"elementor-widget-container\">\n\t\t\t\t\t\t\t<div class=\"elementor-divider\">\n\t\t\t<span class=\"elementor-divider-separator\">\n\t\t\t\t\t\t<\/span>\n\t\t<\/div>\n\t\t\t\t\t\t<\/div>\n\t\t\t\t<\/div>\n\t\t\t\t<div class=\"elementor-element elementor-element-8b7932e elementor-widget elementor-widget-heading\" data-id=\"8b7932e\" data-element_type=\"widget\" data-e-type=\"widget\" data-widget_type=\"heading.default\">\n\t\t\t\t<div class=\"elementor-widget-container\">\n\t\t\t\t\t<h4 class=\"elementor-heading-title elementor-size-default\">Prawa autorskie<\/h4>\t\t\t\t<\/div>\n\t\t\t\t<\/div>\n\t\t\t\t<div class=\"elementor-element elementor-element-596f19e elementor-widget elementor-widget-text-editor\" data-id=\"596f19e\" data-element_type=\"widget\" data-e-type=\"widget\" data-widget_type=\"text-editor.default\">\n\t\t\t\t<div class=\"elementor-widget-container\">\n\t\t\t\t\t\t\t\t\t<p>Informacje zawarte na stronie internetowej Selectchemie s\u0105 udost\u0119pniane publicznie. Prawa autorskie i wszelkie inne prawa do tre\u015bci, obraz\u00f3w, zdj\u0119\u0107 lub innych plik\u00f3w znajduj\u0105cych si\u0119 na stronach internetowych Selectchemie nale\u017c\u0105 wy\u0142\u0105cznie do Selectchemie, chyba \u017ce zaznaczono inaczej. Pobieranie lub kopiowanie tre\u015bci, obraz\u00f3w, zdj\u0119\u0107 lub innych plik\u00f3w nie przenosi \u017cadnych praw dotycz\u0105cych tre\u015bci. Powielanie jakichkolwiek element\u00f3w wymaga uprzedniego uzyskania pisemnej zgody w\u0142a\u015bciciela praw autorskich.<\/p>\t\t\t\t\t\t\t\t<\/div>\n\t\t\t\t<\/div>\n\t\t\t\t\t<\/div>\n\t\t\t\t<\/div>\n\t\t\t\t\t<\/div>\n\t\t\t\t<\/div>\n\t\t\t\t\t<\/div>\n\t\t\t\t<\/div>\n\t\t\t\t<\/div>","protected":false},"excerpt":{"rendered":"<p>Selectchemie AG Legal notice Editor Selectchemie AGEtzelstrasse 42CH-8038 ZurichSwitzerland Tel. +41 44 487 96 11Fax. +41 44 487 96 90moc.eimehctcelesobfsctd-24e232&#64;ofniwww.selectchemie.com Realisation, Implementation, Programming and Technology aretis\u00ae WebagenturMorgartenstrasse 68004 Z\u00fcricharetis\u00ae Webagentur &amp; WebdesignTel. +41 44 245 20 60 Photos \/ Photographer Grether Business Fotograf in Z\u00fcrich Liability Although Selectchemie AG takes every care to ensure that [&hellip;]<\/p>\n","protected":false},"author":1,"featured_media":0,"parent":0,"menu_order":0,"comment_status":"closed","ping_status":"closed","template":"","meta":{"_acf_changed":false,"_seopress_robots_primary_cat":"","_seopress_titles_title":"","_seopress_titles_desc":"","_seopress_robots_index":"","footnotes":""},"folder":[],"class_list":["post-19625","page","type-page","status-publish","hentry"],"acf":[],"_links":{"self":[{"href":"https:\/\/www.selectchemie.com\/pl\/wp-json\/wp\/v2\/pages\/19625","targetHints":{"allow":["GET"]}}],"collection":[{"href":"https:\/\/www.selectchemie.com\/pl\/wp-json\/wp\/v2\/pages"}],"about":[{"href":"https:\/\/www.selectchemie.com\/pl\/wp-json\/wp\/v2\/types\/page"}],"author":[{"embeddable":true,"href":"https:\/\/www.selectchemie.com\/pl\/wp-json\/wp\/v2\/users\/1"}],"replies":[{"embeddable":true,"href":"https:\/\/www.selectchemie.com\/pl\/wp-json\/wp\/v2\/comments?post=19625"}],"version-history":[{"count":11,"href":"https:\/\/www.selectchemie.com\/pl\/wp-json\/wp\/v2\/pages\/19625\/revisions"}],"predecessor-version":[{"id":24486,"href":"https:\/\/www.selectchemie.com\/pl\/wp-json\/wp\/v2\/pages\/19625\/revisions\/24486"}],"wp:attachment":[{"href":"https:\/\/www.selectchemie.com\/pl\/wp-json\/wp\/v2\/media?parent=19625"}],"wp:term":[{"taxonomy":"folder","embeddable":true,"href":"https:\/\/www.selectchemie.com\/pl\/wp-json\/wp\/v2\/folder?post=19625"}],"curies":[{"name":"wp","href":"https:\/\/api.w.org\/{rel}","templated":true}]}}