{"id":20005,"date":"2023-09-10T10:45:48","date_gmt":"2023-09-10T10:45:48","guid":{"rendered":"https:\/\/selectchemie.aretis-staging.ch\/?page_id=20005"},"modified":"2024-11-21T12:32:33","modified_gmt":"2024-11-21T11:32:33","slug":"conditions","status":"publish","type":"page","link":"https:\/\/www.selectchemie.com\/pl\/conditions\/","title":{"rendered":"Zasady i warunki"},"content":{"rendered":"<style>.elementor-20005 .elementor-element.elementor-element-d62e591{--display:flex;--flex-direction:column;--container-widget-width:100%;--container-widget-height:initial;--container-widget-flex-grow:0;--container-widget-align-self:initial;--flex-wrap-mobile:wrap;--padding-top:90px;--padding-bottom:90px;--padding-left:60px;--padding-right:60px;}.elementor-20005 .elementor-element.elementor-element-d62e591:not(.elementor-motion-effects-element-type-background), .elementor-20005 .elementor-element.elementor-element-d62e591 > .elementor-motion-effects-container > .elementor-motion-effects-layer{background-color:var( --e-global-color-c46378f );}.elementor-20005 .elementor-element.elementor-element-0cd93a0{--display:flex;}.elementor-widget-text-editor{font-family:var( --e-global-typography-text-font-family ), Sans-serif;font-weight:var( --e-global-typography-text-font-weight );color:var( --e-global-color-text );}.elementor-widget-text-editor.elementor-drop-cap-view-stacked .elementor-drop-cap{background-color:var( --e-global-color-primary );}.elementor-widget-text-editor.elementor-drop-cap-view-framed .elementor-drop-cap, .elementor-widget-text-editor.elementor-drop-cap-view-default .elementor-drop-cap{color:var( --e-global-color-primary );border-color:var( --e-global-color-primary );}.elementor-20005 .elementor-element.elementor-element-e0f1583{text-align:center;font-size:20px;font-weight:500;color:var( --e-global-color-text );}.elementor-20005 .elementor-element.elementor-element-e0f1583 > .elementor-widget-container{margin:0px 0px 0px 0px;padding:0px 0px 0px 0px;}.elementor-widget-heading .elementor-heading-title{font-family:var( --e-global-typography-primary-font-family ), Sans-serif;font-weight:var( --e-global-typography-primary-font-weight );color:var( --e-global-color-primary );}.elementor-20005 .elementor-element.elementor-element-6d823cf{text-align:center;}.elementor-20005 .elementor-element.elementor-element-6d823cf .elementor-heading-title{font-size:57px;color:var( --e-global-color-primary );}.elementor-20005 .elementor-element.elementor-element-6d823cf > .elementor-widget-container{padding:0px 0px 0px 0px;}.elementor-widget-divider{--divider-color:var( --e-global-color-secondary );}.elementor-widget-divider .elementor-divider__text{color:var( --e-global-color-secondary );font-family:var( --e-global-typography-secondary-font-family ), Sans-serif;font-weight:var( --e-global-typography-secondary-font-weight );}.elementor-widget-divider.elementor-view-stacked .elementor-icon{background-color:var( --e-global-color-secondary );}.elementor-widget-divider.elementor-view-framed .elementor-icon, .elementor-widget-divider.elementor-view-default .elementor-icon{color:var( --e-global-color-secondary );border-color:var( --e-global-color-secondary );}.elementor-widget-divider.elementor-view-framed .elementor-icon, .elementor-widget-divider.elementor-view-default .elementor-icon svg{fill:var( --e-global-color-secondary );}.elementor-20005 .elementor-element.elementor-element-0eb60d0{--divider-border-style:solid;--divider-color:var( --e-global-color-secondary );--divider-border-width:4px;}.elementor-20005 .elementor-element.elementor-element-0eb60d0 .elementor-divider-separator{width:100px;margin:0 auto;margin-center:0;}.elementor-20005 .elementor-element.elementor-element-0eb60d0 .elementor-divider{text-align:center;padding-block-start:10px;padding-block-end:10px;}.elementor-20005 .elementor-element.elementor-element-7410377{--display:flex;--flex-direction:row;--container-widget-width:initial;--container-widget-height:100%;--container-widget-flex-grow:1;--container-widget-align-self:stretch;--flex-wrap-mobile:wrap;--gap:77px 77px;--row-gap:77px;--column-gap:77px;}.elementor-20005 .elementor-element.elementor-element-06bed16{--display:flex;}.elementor-20005 .elementor-element.elementor-element-cf2d530 .elementor-heading-title{font-family:\"Titillium Web\", Sans-serif;font-size:21px;font-weight:600;}.elementor-20005 .elementor-element.elementor-element-a363c3d{font-family:\"Titillium Web\", Sans-serif;font-size:16px;font-weight:400;}.elementor-20005 .elementor-element.elementor-element-dbf8166{--divider-border-style:solid;--divider-color:#CFCFCF;--divider-border-width:1px;}.elementor-20005 .elementor-element.elementor-element-dbf8166 .elementor-divider-separator{width:100%;}.elementor-20005 .elementor-element.elementor-element-dbf8166 .elementor-divider{padding-block-start:2px;padding-block-end:2px;}.elementor-20005 .elementor-element.elementor-element-193781d .elementor-heading-title{font-family:\"Titillium Web\", Sans-serif;font-size:21px;font-weight:600;}.elementor-20005 .elementor-element.elementor-element-bd24f6b{font-family:\"Titillium Web\", Sans-serif;font-size:16px;font-weight:400;}.elementor-20005 .elementor-element.elementor-element-fbcf04b{--display:flex;}.elementor-20005 .elementor-element.elementor-element-df998b4 .elementor-heading-title{font-family:\"Titillium Web\", Sans-serif;font-size:21px;font-weight:600;}.elementor-widget-icon-list .elementor-icon-list-item:not(:last-child):after{border-color:var( --e-global-color-text );}.elementor-widget-icon-list .elementor-icon-list-icon i{color:var( --e-global-color-primary );}.elementor-widget-icon-list .elementor-icon-list-icon svg{fill:var( --e-global-color-primary );}.elementor-widget-icon-list .elementor-icon-list-item > .elementor-icon-list-text, .elementor-widget-icon-list .elementor-icon-list-item > a{font-family:var( --e-global-typography-text-font-family ), Sans-serif;font-weight:var( --e-global-typography-text-font-weight );}.elementor-widget-icon-list .elementor-icon-list-text{color:var( --e-global-color-secondary );}.elementor-20005 .elementor-element.elementor-element-5e44211 .elementor-icon-list-items:not(.elementor-inline-items) .elementor-icon-list-item:not(:last-child){padding-block-end:calc(8px\/2);}.elementor-20005 .elementor-element.elementor-element-5e44211 .elementor-icon-list-items:not(.elementor-inline-items) .elementor-icon-list-item:not(:first-child){margin-block-start:calc(8px\/2);}.elementor-20005 .elementor-element.elementor-element-5e44211 .elementor-icon-list-items.elementor-inline-items .elementor-icon-list-item{margin-inline:calc(8px\/2);}.elementor-20005 .elementor-element.elementor-element-5e44211 .elementor-icon-list-items.elementor-inline-items{margin-inline:calc(-8px\/2);}.elementor-20005 .elementor-element.elementor-element-5e44211 .elementor-icon-list-items.elementor-inline-items .elementor-icon-list-item:after{inset-inline-end:calc(-8px\/2);}.elementor-20005 .elementor-element.elementor-element-5e44211 .elementor-icon-list-icon i{color:var( --e-global-color-secondary );transition:color 0.3s;}.elementor-20005 .elementor-element.elementor-element-5e44211 .elementor-icon-list-icon svg{fill:var( --e-global-color-secondary );transition:fill 0.3s;}.elementor-20005 .elementor-element.elementor-element-5e44211{--e-icon-list-icon-size:20px;--icon-vertical-align:flex-start;--icon-vertical-offset:4px;}.elementor-20005 .elementor-element.elementor-element-5e44211 .elementor-icon-list-icon{padding-inline-end:2px;}.elementor-20005 .elementor-element.elementor-element-5e44211 .elementor-icon-list-item > .elementor-icon-list-text, .elementor-20005 .elementor-element.elementor-element-5e44211 .elementor-icon-list-item > a{font-family:\"Titillium Web\", Sans-serif;font-size:17px;font-weight:600;}.elementor-20005 .elementor-element.elementor-element-5e44211 .elementor-icon-list-text{color:var( --e-global-color-text );transition:color 0.3s;}.elementor-20005 .elementor-element.elementor-element-5e44211 .elementor-icon-list-item:hover .elementor-icon-list-text{color:var( --e-global-color-secondary );}.elementor-20005 .elementor-element.elementor-element-32f116c{--divider-border-style:solid;--divider-color:#CFCFCF;--divider-border-width:1px;}.elementor-20005 .elementor-element.elementor-element-32f116c .elementor-divider-separator{width:100%;}.elementor-20005 .elementor-element.elementor-element-32f116c .elementor-divider{padding-block-start:2px;padding-block-end:2px;}.elementor-20005 .elementor-element.elementor-element-f458d85 .elementor-heading-title{font-family:\"Titillium Web\", Sans-serif;font-size:21px;font-weight:600;}.elementor-20005 .elementor-element.elementor-element-680a71a .elementor-icon-list-items:not(.elementor-inline-items) .elementor-icon-list-item:not(:last-child){padding-block-end:calc(8px\/2);}.elementor-20005 .elementor-element.elementor-element-680a71a .elementor-icon-list-items:not(.elementor-inline-items) .elementor-icon-list-item:not(:first-child){margin-block-start:calc(8px\/2);}.elementor-20005 .elementor-element.elementor-element-680a71a .elementor-icon-list-items.elementor-inline-items .elementor-icon-list-item{margin-inline:calc(8px\/2);}.elementor-20005 .elementor-element.elementor-element-680a71a .elementor-icon-list-items.elementor-inline-items{margin-inline:calc(-8px\/2);}.elementor-20005 .elementor-element.elementor-element-680a71a .elementor-icon-list-items.elementor-inline-items .elementor-icon-list-item:after{inset-inline-end:calc(-8px\/2);}.elementor-20005 .elementor-element.elementor-element-680a71a .elementor-icon-list-icon i{color:var( --e-global-color-secondary );transition:color 0.3s;}.elementor-20005 .elementor-element.elementor-element-680a71a .elementor-icon-list-icon svg{fill:var( --e-global-color-secondary );transition:fill 0.3s;}.elementor-20005 .elementor-element.elementor-element-680a71a{--e-icon-list-icon-size:20px;--icon-vertical-align:flex-start;--icon-vertical-offset:4px;}.elementor-20005 .elementor-element.elementor-element-680a71a .elementor-icon-list-icon{padding-inline-end:2px;}.elementor-20005 .elementor-element.elementor-element-680a71a .elementor-icon-list-item > .elementor-icon-list-text, .elementor-20005 .elementor-element.elementor-element-680a71a .elementor-icon-list-item > a{font-family:\"Titillium Web\", Sans-serif;font-size:17px;font-weight:600;}.elementor-20005 .elementor-element.elementor-element-680a71a .elementor-icon-list-text{color:var( --e-global-color-text );transition:color 0.3s;}.elementor-20005 .elementor-element.elementor-element-680a71a .elementor-icon-list-item:hover .elementor-icon-list-text{color:var( --e-global-color-secondary );}:root{--page-title-display:none;}@media(max-width:1024px){.elementor-20005 .elementor-element.elementor-element-6d823cf .elementor-heading-title{font-size:55px;}}@media(min-width:768px){.elementor-20005 .elementor-element.elementor-element-0cd93a0{--content-width:923px;}}@media(max-width:767px){.elementor-20005 .elementor-element.elementor-element-e0f1583{text-align:center;}.elementor-20005 .elementor-element.elementor-element-6d823cf{text-align:center;}.elementor-20005 .elementor-element.elementor-element-6d823cf .elementor-heading-title{font-size:35px;}.elementor-20005 .elementor-element.elementor-element-6d823cf > .elementor-widget-container{padding:0px 0px 0px 0px;}.elementor-20005 .elementor-element.elementor-element-0eb60d0 .elementor-divider{text-align:center;}.elementor-20005 .elementor-element.elementor-element-0eb60d0 .elementor-divider-separator{margin:0 auto;margin-center:0;}}<\/style>\t\t<div data-elementor-type=\"wp-page\" data-elementor-id=\"20005\" class=\"elementor elementor-20005\" data-elementor-post-type=\"page\">\n\t\t\t\t<div class=\"elementor-element elementor-element-d62e591 e-flex e-con-boxed e-con e-parent\" data-id=\"d62e591\" data-element_type=\"container\" data-e-type=\"container\" data-settings=\"{&quot;background_background&quot;:&quot;classic&quot;}\">\n\t\t\t\t\t<div class=\"e-con-inner\">\n\t\t<div class=\"elementor-element elementor-element-0cd93a0 e-flex e-con-boxed e-con e-child\" data-id=\"0cd93a0\" data-element_type=\"container\" data-e-type=\"container\">\n\t\t\t\t\t<div class=\"e-con-inner\">\n\t\t\t\t<div class=\"elementor-element elementor-element-e0f1583 elementor-widget elementor-widget-text-editor\" data-id=\"e0f1583\" data-element_type=\"widget\" data-e-type=\"widget\" data-widget_type=\"text-editor.default\">\n\t\t\t\t<div class=\"elementor-widget-container\">\n\t\t\t\t\t\t\t\t\tSelectchemie AG\t\t\t\t\t\t\t\t<\/div>\n\t\t\t\t<\/div>\n\t\t\t\t<div class=\"elementor-element elementor-element-6d823cf elementor-widget elementor-widget-heading\" data-id=\"6d823cf\" data-element_type=\"widget\" data-e-type=\"widget\" data-widget_type=\"heading.default\">\n\t\t\t\t<div class=\"elementor-widget-container\">\n\t\t\t\t\t<h3 class=\"elementor-heading-title elementor-size-default\">Zasady i warunki<\/h3>\t\t\t\t<\/div>\n\t\t\t\t<\/div>\n\t\t\t\t<div class=\"elementor-element elementor-element-0eb60d0 elementor-widget-divider--view-line elementor-widget elementor-widget-divider\" data-id=\"0eb60d0\" data-element_type=\"widget\" data-e-type=\"widget\" data-widget_type=\"divider.default\">\n\t\t\t\t<div class=\"elementor-widget-container\">\n\t\t\t\t\t\t\t<div class=\"elementor-divider\">\n\t\t\t<span class=\"elementor-divider-separator\">\n\t\t\t\t\t\t<\/span>\n\t\t<\/div>\n\t\t\t\t\t\t<\/div>\n\t\t\t\t<\/div>\n\t\t\t\t\t<\/div>\n\t\t\t\t<\/div>\n\t\t<div class=\"elementor-element elementor-element-7410377 e-flex e-con-boxed e-con e-child\" data-id=\"7410377\" data-element_type=\"container\" data-e-type=\"container\">\n\t\t\t\t\t<div class=\"e-con-inner\">\n\t\t<div class=\"elementor-element elementor-element-06bed16 e-flex e-con-boxed e-con e-child\" data-id=\"06bed16\" data-element_type=\"container\" data-e-type=\"container\">\n\t\t\t\t\t<div class=\"e-con-inner\">\n\t\t\t\t<div class=\"elementor-element elementor-element-cf2d530 elementor-widget elementor-widget-heading\" data-id=\"cf2d530\" data-element_type=\"widget\" data-e-type=\"widget\" data-widget_type=\"heading.default\">\n\t\t\t\t<div class=\"elementor-widget-container\">\n\t\t\t\t\t<h4 class=\"elementor-heading-title elementor-size-default\">Og\u00f3lne warunki sprzeda\u017cy i dostawy<\/h4>\t\t\t\t<\/div>\n\t\t\t\t<\/div>\n\t\t\t\t<div class=\"elementor-element elementor-element-a363c3d elementor-widget elementor-widget-text-editor\" data-id=\"a363c3d\" data-element_type=\"widget\" data-e-type=\"widget\" data-widget_type=\"text-editor.default\">\n\t\t\t\t<div class=\"elementor-widget-container\">\n\t\t\t\t\t\t\t\t\t<p>Je\u015bli nie okre\u015blono inaczej na pi\u015bmie, nasze og\u00f3lne warunki sprzeda\u017cy i dostawy maj\u0105 zastosowanie do wszystkich transakcji.<\/p>\t\t\t\t\t\t\t\t<\/div>\n\t\t\t\t<\/div>\n\t\t\t\t<div class=\"elementor-element elementor-element-dbf8166 elementor-widget-divider--view-line elementor-widget elementor-widget-divider\" data-id=\"dbf8166\" data-element_type=\"widget\" data-e-type=\"widget\" data-widget_type=\"divider.default\">\n\t\t\t\t<div class=\"elementor-widget-container\">\n\t\t\t\t\t\t\t<div class=\"elementor-divider\">\n\t\t\t<span class=\"elementor-divider-separator\">\n\t\t\t\t\t\t<\/span>\n\t\t<\/div>\n\t\t\t\t\t\t<\/div>\n\t\t\t\t<\/div>\n\t\t\t\t<div class=\"elementor-element elementor-element-193781d elementor-widget elementor-widget-heading\" data-id=\"193781d\" data-element_type=\"widget\" data-e-type=\"widget\" data-widget_type=\"heading.default\">\n\t\t\t\t<div class=\"elementor-widget-container\">\n\t\t\t\t\t<h4 class=\"elementor-heading-title elementor-size-default\">Umowy Selectchemie<\/h4>\t\t\t\t<\/div>\n\t\t\t\t<\/div>\n\t\t\t\t<div class=\"elementor-element elementor-element-bd24f6b elementor-widget elementor-widget-text-editor\" data-id=\"bd24f6b\" data-element_type=\"widget\" data-e-type=\"widget\" data-widget_type=\"text-editor.default\">\n\t\t\t\t<div class=\"elementor-widget-container\">\n\t\t\t\t\t\t\t\t\tWszystkie dotychczasowe stosunki umowne z Selectchemie AG pozostan\u0105 nienaruszone bez \u017cadnych zmian. Prosimy o kontakt, je\u015bli procesy biznesowe u\u017cytkownika wykluczaj\u0105 takie przeniesienie praw i obowi\u0105zk\u00f3w.\t\t\t\t\t\t\t\t<\/div>\n\t\t\t\t<\/div>\n\t\t\t\t\t<\/div>\n\t\t\t\t<\/div>\n\t\t<div class=\"elementor-element elementor-element-fbcf04b e-flex e-con-boxed e-con e-child\" data-id=\"fbcf04b\" data-element_type=\"container\" data-e-type=\"container\">\n\t\t\t\t\t<div class=\"e-con-inner\">\n\t\t\t\t<div class=\"elementor-element elementor-element-df998b4 elementor-widget elementor-widget-heading\" data-id=\"df998b4\" data-element_type=\"widget\" data-e-type=\"widget\" data-widget_type=\"heading.default\">\n\t\t\t\t<div class=\"elementor-widget-container\">\n\t\t\t\t\t<h4 class=\"elementor-heading-title elementor-size-default\">Selectchemie AG, Zurych, Szwajcaria:<\/h4>\t\t\t\t<\/div>\n\t\t\t\t<\/div>\n\t\t\t\t<div class=\"elementor-element elementor-element-5e44211 elementor-icon-list--layout-traditional elementor-list-item-link-full_width elementor-widget elementor-widget-icon-list\" data-id=\"5e44211\" data-element_type=\"widget\" data-e-type=\"widget\" data-widget_type=\"icon-list.default\">\n\t\t\t\t<div class=\"elementor-widget-container\">\n\t\t\t\t\t\t\t<ul class=\"elementor-icon-list-items\">\n\t\t\t\t\t\t\t<li class=\"elementor-icon-list-item\">\n\t\t\t\t\t\t\t\t\t\t\t<a href=\"https:\/\/www.selectchemie.com\/wp-content\/uploads\/2024\/01\/GTC_Selectchemie_Zurich_PURCHASE.pdf\" target=\"_blank\">\n\n\t\t\t\t\t\t\t\t\t\t\t\t<span class=\"elementor-icon-list-icon\">\n\t\t\t\t\t\t\t<i aria-hidden=\"true\" class=\"far fa-file-pdf\"><\/i>\t\t\t\t\t\t<\/span>\n\t\t\t\t\t\t\t\t\t\t<span class=\"elementor-icon-list-text\">Og\u00f3lne warunki zakupu \"<\/span>\n\t\t\t\t\t\t\t\t\t\t\t<\/a>\n\t\t\t\t\t\t\t\t\t<\/li>\n\t\t\t\t\t\t\t\t<li class=\"elementor-icon-list-item\">\n\t\t\t\t\t\t\t\t\t\t\t<a href=\"https:\/\/www.selectchemie.com\/wp-content\/uploads\/2024\/11\/General-Terms-and-Conditions-of-Sale-and-Delivery_Version-December-2024.pdf\" target=\"_blank\">\n\n\t\t\t\t\t\t\t\t\t\t\t\t<span class=\"elementor-icon-list-icon\">\n\t\t\t\t\t\t\t<i aria-hidden=\"true\" class=\"far fa-file-pdf\"><\/i>\t\t\t\t\t\t<\/span>\n\t\t\t\t\t\t\t\t\t\t<span class=\"elementor-icon-list-text\">Og\u00f3lne warunki sprzeda\u017cy i dostawy \"<\/span>\n\t\t\t\t\t\t\t\t\t\t\t<\/a>\n\t\t\t\t\t\t\t\t\t<\/li>\n\t\t\t\t\t\t<\/ul>\n\t\t\t\t\t\t<\/div>\n\t\t\t\t<\/div>\n\t\t\t\t<div class=\"elementor-element elementor-element-32f116c elementor-widget-divider--view-line elementor-widget elementor-widget-divider\" data-id=\"32f116c\" data-element_type=\"widget\" data-e-type=\"widget\" data-widget_type=\"divider.default\">\n\t\t\t\t<div class=\"elementor-widget-container\">\n\t\t\t\t\t\t\t<div class=\"elementor-divider\">\n\t\t\t<span class=\"elementor-divider-separator\">\n\t\t\t\t\t\t<\/span>\n\t\t<\/div>\n\t\t\t\t\t\t<\/div>\n\t\t\t\t<\/div>\n\t\t\t\t<div class=\"elementor-element elementor-element-f458d85 elementor-widget elementor-widget-heading\" data-id=\"f458d85\" data-element_type=\"widget\" data-e-type=\"widget\" data-widget_type=\"heading.default\">\n\t\t\t\t<div class=\"elementor-widget-container\">\n\t\t\t\t\t<h4 class=\"elementor-heading-title elementor-size-default\">Selectchemie GmbH, Hamburg, Niemcy:<\/h4>\t\t\t\t<\/div>\n\t\t\t\t<\/div>\n\t\t\t\t<div class=\"elementor-element elementor-element-680a71a elementor-icon-list--layout-traditional elementor-list-item-link-full_width elementor-widget elementor-widget-icon-list\" data-id=\"680a71a\" data-element_type=\"widget\" data-e-type=\"widget\" data-widget_type=\"icon-list.default\">\n\t\t\t\t<div class=\"elementor-widget-container\">\n\t\t\t\t\t\t\t<ul class=\"elementor-icon-list-items\">\n\t\t\t\t\t\t\t<li class=\"elementor-icon-list-item\">\n\t\t\t\t\t\t\t\t\t\t\t<a href=\"https:\/\/www.selectchemie.com\/wp-content\/uploads\/2024\/01\/GTC_Selectchemie-Hamburg_PURCHASE_German-suppliers.pdf\" target=\"_blank\">\n\n\t\t\t\t\t\t\t\t\t\t\t\t<span class=\"elementor-icon-list-icon\">\n\t\t\t\t\t\t\t<i aria-hidden=\"true\" class=\"far fa-file-pdf\"><\/i>\t\t\t\t\t\t<\/span>\n\t\t\t\t\t\t\t\t\t\t<span class=\"elementor-icon-list-text\">Og\u00f3lne warunki zakup\u00f3w dla dostawc\u00f3w z siedzib\u0105 w Niemczech \"<\/span>\n\t\t\t\t\t\t\t\t\t\t\t<\/a>\n\t\t\t\t\t\t\t\t\t<\/li>\n\t\t\t\t\t\t\t\t<li class=\"elementor-icon-list-item\">\n\t\t\t\t\t\t\t\t\t\t\t<a href=\"https:\/\/www.selectchemie.com\/wp-content\/uploads\/2024\/01\/GTC_Selectchemie-Hamburg_PURCHASE_Suppliers-outside-of-Gemany.pdf\" target=\"_blank\">\n\n\t\t\t\t\t\t\t\t\t\t\t\t<span class=\"elementor-icon-list-icon\">\n\t\t\t\t\t\t\t<i aria-hidden=\"true\" class=\"far fa-file-pdf\"><\/i>\t\t\t\t\t\t<\/span>\n\t\t\t\t\t\t\t\t\t\t<span class=\"elementor-icon-list-text\">Og\u00f3lne warunki zakupu dla dostawc\u00f3w spoza Niemiec \"<\/span>\n\t\t\t\t\t\t\t\t\t\t\t<\/a>\n\t\t\t\t\t\t\t\t\t<\/li>\n\t\t\t\t\t\t\t\t<li class=\"elementor-icon-list-item\">\n\t\t\t\t\t\t\t\t\t\t\t<a href=\"https:\/\/www.selectchemie.com\/wp-content\/uploads\/2024\/01\/GTC_Selectchemie-Hamburg_SALE_German-buyers.pdf\" target=\"_blank\">\n\n\t\t\t\t\t\t\t\t\t\t\t\t<span class=\"elementor-icon-list-icon\">\n\t\t\t\t\t\t\t<i aria-hidden=\"true\" class=\"far fa-file-pdf\"><\/i>\t\t\t\t\t\t<\/span>\n\t\t\t\t\t\t\t\t\t\t<span class=\"elementor-icon-list-text\">Og\u00f3lne warunki sprzeda\u017cy i dostawy dla kupuj\u0105cych z siedzib\u0105 w Niemczech \"<\/span>\n\t\t\t\t\t\t\t\t\t\t\t<\/a>\n\t\t\t\t\t\t\t\t\t<\/li>\n\t\t\t\t\t\t\t\t<li class=\"elementor-icon-list-item\">\n\t\t\t\t\t\t\t\t\t\t\t<a href=\"https:\/\/www.selectchemie.com\/wp-content\/uploads\/2024\/01\/GTC_Selectchemie-Hamburg_SALE_Buyers-outside-of-Germany.pdf\" target=\"_blank\">\n\n\t\t\t\t\t\t\t\t\t\t\t\t<span class=\"elementor-icon-list-icon\">\n\t\t\t\t\t\t\t<i aria-hidden=\"true\" class=\"far fa-file-pdf\"><\/i>\t\t\t\t\t\t<\/span>\n\t\t\t\t\t\t\t\t\t\t<span class=\"elementor-icon-list-text\">Og\u00f3lne warunki sprzeda\u017cy i dostawy dla kupuj\u0105cych spoza Niemiec \"<\/span>\n\t\t\t\t\t\t\t\t\t\t\t<\/a>\n\t\t\t\t\t\t\t\t\t<\/li>\n\t\t\t\t\t\t<\/ul>\n\t\t\t\t\t\t<\/div>\n\t\t\t\t<\/div>\n\t\t\t\t\t<\/div>\n\t\t\t\t<\/div>\n\t\t\t\t\t<\/div>\n\t\t\t\t<\/div>\n\t\t\t\t\t<\/div>\n\t\t\t\t<\/div>\n\t\t\t\t<\/div>","protected":false},"excerpt":{"rendered":"<p>Selectchemie AG Terms &amp; conditions General terms and conditions for sale and delivery If not otherwise stated in writing, our general terms and conditions for sale and delivery apply for all transactions. Contracts Selectchemie All contractual relationships you have maintained with Selectchemie AG to date will remain intact without any changes. Please contact us if [&hellip;]<\/p>\n","protected":false},"author":1,"featured_media":0,"parent":0,"menu_order":0,"comment_status":"closed","ping_status":"closed","template":"","meta":{"_acf_changed":false,"_seopress_robots_primary_cat":"","_seopress_titles_title":"","_seopress_titles_desc":"","_seopress_robots_index":"","footnotes":""},"folder":[],"class_list":["post-20005","page","type-page","status-publish","hentry"],"acf":[],"_links":{"self":[{"href":"https:\/\/www.selectchemie.com\/pl\/wp-json\/wp\/v2\/pages\/20005","targetHints":{"allow":["GET"]}}],"collection":[{"href":"https:\/\/www.selectchemie.com\/pl\/wp-json\/wp\/v2\/pages"}],"about":[{"href":"https:\/\/www.selectchemie.com\/pl\/wp-json\/wp\/v2\/types\/page"}],"author":[{"embeddable":true,"href":"https:\/\/www.selectchemie.com\/pl\/wp-json\/wp\/v2\/users\/1"}],"replies":[{"embeddable":true,"href":"https:\/\/www.selectchemie.com\/pl\/wp-json\/wp\/v2\/comments?post=20005"}],"version-history":[{"count":9,"href":"https:\/\/www.selectchemie.com\/pl\/wp-json\/wp\/v2\/pages\/20005\/revisions"}],"predecessor-version":[{"id":23684,"href":"https:\/\/www.selectchemie.com\/pl\/wp-json\/wp\/v2\/pages\/20005\/revisions\/23684"}],"wp:attachment":[{"href":"https:\/\/www.selectchemie.com\/pl\/wp-json\/wp\/v2\/media?parent=20005"}],"wp:term":[{"taxonomy":"folder","embeddable":true,"href":"https:\/\/www.selectchemie.com\/pl\/wp-json\/wp\/v2\/folder?post=20005"}],"curies":[{"name":"wp","href":"https:\/\/api.w.org\/{rel}","templated":true}]}}