{"id":23897,"date":"2025-03-28T09:55:36","date_gmt":"2025-03-28T08:55:36","guid":{"rendered":"https:\/\/www.selectchemie.com\/?page_id=23897"},"modified":"2025-04-14T13:28:47","modified_gmt":"2025-04-14T11:28:47","slug":"whistleblowing","status":"publish","type":"page","link":"https:\/\/www.selectchemie.com\/pl\/whistleblowing\/","title":{"rendered":"Whistleblowing"},"content":{"rendered":"<style>.elementor-23897 .elementor-element.elementor-element-d62e591{--display:flex;--flex-direction:column;--container-widget-width:100%;--container-widget-height:initial;--container-widget-flex-grow:0;--container-widget-align-self:initial;--flex-wrap-mobile:wrap;--padding-top:90px;--padding-bottom:90px;--padding-left:60px;--padding-right:60px;}.elementor-23897 .elementor-element.elementor-element-d62e591:not(.elementor-motion-effects-element-type-background), .elementor-23897 .elementor-element.elementor-element-d62e591 > .elementor-motion-effects-container > .elementor-motion-effects-layer{background-color:var( --e-global-color-c46378f );}.elementor-23897 .elementor-element.elementor-element-0cd93a0{--display:flex;}.elementor-widget-text-editor{font-family:var( --e-global-typography-text-font-family ), Sans-serif;font-weight:var( --e-global-typography-text-font-weight );color:var( --e-global-color-text );}.elementor-widget-text-editor.elementor-drop-cap-view-stacked .elementor-drop-cap{background-color:var( --e-global-color-primary );}.elementor-widget-text-editor.elementor-drop-cap-view-framed .elementor-drop-cap, .elementor-widget-text-editor.elementor-drop-cap-view-default .elementor-drop-cap{color:var( --e-global-color-primary );border-color:var( --e-global-color-primary );}.elementor-23897 .elementor-element.elementor-element-e0f1583{text-align:center;font-size:20px;font-weight:500;color:var( --e-global-color-text );}.elementor-23897 .elementor-element.elementor-element-e0f1583 > .elementor-widget-container{margin:0px 0px 0px 0px;padding:0px 0px 0px 0px;}.elementor-widget-heading .elementor-heading-title{font-family:var( --e-global-typography-primary-font-family ), Sans-serif;font-weight:var( --e-global-typography-primary-font-weight );color:var( --e-global-color-primary );}.elementor-23897 .elementor-element.elementor-element-6d823cf{text-align:center;}.elementor-23897 .elementor-element.elementor-element-6d823cf .elementor-heading-title{font-size:57px;color:var( --e-global-color-primary );}.elementor-23897 .elementor-element.elementor-element-6d823cf > .elementor-widget-container{padding:0px 0px 0px 0px;}.elementor-widget-divider{--divider-color:var( --e-global-color-secondary );}.elementor-widget-divider .elementor-divider__text{color:var( --e-global-color-secondary );font-family:var( --e-global-typography-secondary-font-family ), Sans-serif;font-weight:var( --e-global-typography-secondary-font-weight );}.elementor-widget-divider.elementor-view-stacked .elementor-icon{background-color:var( --e-global-color-secondary );}.elementor-widget-divider.elementor-view-framed .elementor-icon, .elementor-widget-divider.elementor-view-default .elementor-icon{color:var( --e-global-color-secondary );border-color:var( --e-global-color-secondary );}.elementor-widget-divider.elementor-view-framed .elementor-icon, .elementor-widget-divider.elementor-view-default .elementor-icon svg{fill:var( --e-global-color-secondary );}.elementor-23897 .elementor-element.elementor-element-0eb60d0{--divider-border-style:solid;--divider-color:var( --e-global-color-secondary );--divider-border-width:4px;}.elementor-23897 .elementor-element.elementor-element-0eb60d0 .elementor-divider-separator{width:100px;margin:0 auto;margin-center:0;}.elementor-23897 .elementor-element.elementor-element-0eb60d0 .elementor-divider{text-align:center;padding-block-start:10px;padding-block-end:10px;}.elementor-23897 .elementor-element.elementor-element-7410377{--display:flex;--flex-direction:row;--container-widget-width:initial;--container-widget-height:100%;--container-widget-flex-grow:1;--container-widget-align-self:stretch;--flex-wrap-mobile:wrap;--gap:77px 77px;--row-gap:77px;--column-gap:77px;}.elementor-23897 .elementor-element.elementor-element-06bed16{--display:flex;}.elementor-23897 .elementor-element.elementor-element-06bed16.e-con{--flex-grow:0;--flex-shrink:0;}.elementor-23897 .elementor-element.elementor-element-cf2d530 .elementor-heading-title{font-family:\"Titillium Web\", Sans-serif;font-size:21px;font-weight:600;}.elementor-23897 .elementor-element.elementor-element-a363c3d{font-family:\"Titillium Web\", Sans-serif;font-size:16px;font-weight:400;}.elementor-23897 .elementor-element.elementor-element-5b13bec .elementor-heading-title{font-family:\"Titillium Web\", Sans-serif;font-size:21px;font-weight:600;}.elementor-23897 .elementor-element.elementor-element-bd24f6b{font-family:\"Titillium Web\", Sans-serif;font-size:16px;font-weight:400;}.elementor-23897 .elementor-element.elementor-element-7187ebb .elementor-heading-title{font-family:\"Titillium Web\", Sans-serif;font-size:21px;font-weight:600;}.elementor-23897 .elementor-element.elementor-element-6a16c86{font-family:\"Titillium Web\", Sans-serif;font-size:16px;font-weight:400;}.elementor-23897 .elementor-element.elementor-element-cdad966 .elementor-heading-title{font-family:\"Titillium Web\", Sans-serif;font-size:21px;font-weight:600;}.elementor-23897 .elementor-element.elementor-element-8df7b1b{font-family:\"Titillium Web\", Sans-serif;font-size:16px;font-weight:400;}.elementor-23897 .elementor-element.elementor-element-683765a .elementor-heading-title{font-family:\"Titillium Web\", Sans-serif;font-size:21px;font-weight:600;}.elementor-23897 .elementor-element.elementor-element-84ca0f0{font-family:\"Titillium Web\", Sans-serif;font-size:16px;font-weight:400;}.elementor-23897 .elementor-element.elementor-element-b3fb46f .elementor-heading-title{font-family:\"Titillium Web\", Sans-serif;font-size:21px;font-weight:600;}.elementor-23897 .elementor-element.elementor-element-1867622{font-family:\"Titillium Web\", Sans-serif;font-size:16px;font-weight:400;}.elementor-23897 .elementor-element.elementor-element-193781d .elementor-heading-title{font-family:\"Titillium Web\", Sans-serif;font-size:21px;font-weight:600;}.elementor-23897 .elementor-element.elementor-element-ec33152{font-family:\"Titillium Web\", Sans-serif;font-size:16px;font-weight:400;}.elementor-23897 .elementor-element.elementor-element-dbf8166{--divider-border-style:solid;--divider-color:#CFCFCF;--divider-border-width:1px;}.elementor-23897 .elementor-element.elementor-element-dbf8166 .elementor-divider-separator{width:100%;}.elementor-23897 .elementor-element.elementor-element-dbf8166 .elementor-divider{padding-block-start:2px;padding-block-end:2px;}.elementor-23897 .elementor-element.elementor-element-1523d40{font-family:\"Titillium Web\", Sans-serif;font-size:16px;font-weight:400;}:root{--page-title-display:none;}@media(max-width:1024px){.elementor-23897 .elementor-element.elementor-element-6d823cf .elementor-heading-title{font-size:55px;}}@media(min-width:768px){.elementor-23897 .elementor-element.elementor-element-0cd93a0{--content-width:923px;}.elementor-23897 .elementor-element.elementor-element-06bed16{--width:97.96%;}}@media(max-width:767px){.elementor-23897 .elementor-element.elementor-element-e0f1583{text-align:center;}.elementor-23897 .elementor-element.elementor-element-6d823cf{text-align:center;}.elementor-23897 .elementor-element.elementor-element-6d823cf .elementor-heading-title{font-size:35px;}.elementor-23897 .elementor-element.elementor-element-6d823cf > .elementor-widget-container{padding:0px 0px 0px 0px;}.elementor-23897 .elementor-element.elementor-element-0eb60d0 .elementor-divider{text-align:center;}.elementor-23897 .elementor-element.elementor-element-0eb60d0 .elementor-divider-separator{margin:0 auto;margin-center:0;}}<\/style>\t\t<div data-elementor-type=\"wp-page\" data-elementor-id=\"23897\" class=\"elementor elementor-23897\" data-elementor-post-type=\"page\">\n\t\t\t\t<div class=\"elementor-element elementor-element-d62e591 e-flex e-con-boxed e-con e-parent\" data-id=\"d62e591\" data-element_type=\"container\" data-e-type=\"container\" data-settings=\"{&quot;background_background&quot;:&quot;classic&quot;}\">\n\t\t\t\t\t<div class=\"e-con-inner\">\n\t\t<div class=\"elementor-element elementor-element-0cd93a0 e-flex e-con-boxed e-con e-child\" data-id=\"0cd93a0\" data-element_type=\"container\" data-e-type=\"container\">\n\t\t\t\t\t<div class=\"e-con-inner\">\n\t\t\t\t<div class=\"elementor-element elementor-element-e0f1583 elementor-widget elementor-widget-text-editor\" data-id=\"e0f1583\" data-element_type=\"widget\" data-e-type=\"widget\" data-widget_type=\"text-editor.default\">\n\t\t\t\t<div class=\"elementor-widget-container\">\n\t\t\t\t\t\t\t\t\tSelectchemie AG\t\t\t\t\t\t\t\t<\/div>\n\t\t\t\t<\/div>\n\t\t\t\t<div class=\"elementor-element elementor-element-6d823cf elementor-widget elementor-widget-heading\" data-id=\"6d823cf\" data-element_type=\"widget\" data-e-type=\"widget\" data-widget_type=\"heading.default\">\n\t\t\t\t<div class=\"elementor-widget-container\">\n\t\t\t\t\t<h3 class=\"elementor-heading-title elementor-size-default\">Whistleblowing<\/h3>\t\t\t\t<\/div>\n\t\t\t\t<\/div>\n\t\t\t\t<div class=\"elementor-element elementor-element-0eb60d0 elementor-widget-divider--view-line elementor-widget elementor-widget-divider\" data-id=\"0eb60d0\" data-element_type=\"widget\" data-e-type=\"widget\" data-widget_type=\"divider.default\">\n\t\t\t\t<div class=\"elementor-widget-container\">\n\t\t\t\t\t\t\t<div class=\"elementor-divider\">\n\t\t\t<span class=\"elementor-divider-separator\">\n\t\t\t\t\t\t<\/span>\n\t\t<\/div>\n\t\t\t\t\t\t<\/div>\n\t\t\t\t<\/div>\n\t\t\t\t\t<\/div>\n\t\t\t\t<\/div>\n\t\t<div class=\"elementor-element elementor-element-7410377 e-flex e-con-boxed e-con e-child\" data-id=\"7410377\" data-element_type=\"container\" data-e-type=\"container\">\n\t\t\t\t\t<div class=\"e-con-inner\">\n\t\t<div class=\"elementor-element elementor-element-06bed16 e-con-full e-flex e-con e-child\" data-id=\"06bed16\" data-element_type=\"container\" data-e-type=\"container\">\n\t\t\t\t<div class=\"elementor-element elementor-element-cf2d530 elementor-widget elementor-widget-heading\" data-id=\"cf2d530\" data-element_type=\"widget\" data-e-type=\"widget\" data-widget_type=\"heading.default\">\n\t\t\t\t<div class=\"elementor-widget-container\">\n\t\t\t\t\t<h4 class=\"elementor-heading-title elementor-size-default\">Czym jest Whistleblowing<\/h4>\t\t\t\t<\/div>\n\t\t\t\t<\/div>\n\t\t\t\t<div class=\"elementor-element elementor-element-a363c3d elementor-widget elementor-widget-text-editor\" data-id=\"a363c3d\" data-element_type=\"widget\" data-e-type=\"widget\" data-widget_type=\"text-editor.default\">\n\t\t\t\t<div class=\"elementor-widget-container\">\n\t\t\t\t\t\t\t\t\tWhistleblowing to zg\u0142aszanie nieetycznych, nielegalnych lub niebezpiecznych dzia\u0142a\u0144 w organizacji. Mo\u017ce to obejmowa\u0107 oszustwa, korupcj\u0119, nadu\u017cycia lub wszelkie dzia\u0142ania zagra\u017caj\u0105ce zdrowiu i bezpiecze\u0144stwu publicznemu.\t\t\t\t\t\t\t\t<\/div>\n\t\t\t\t<\/div>\n\t\t\t\t<div class=\"elementor-element elementor-element-5b13bec elementor-widget elementor-widget-heading\" data-id=\"5b13bec\" data-element_type=\"widget\" data-e-type=\"widget\" data-widget_type=\"heading.default\">\n\t\t\t\t<div class=\"elementor-widget-container\">\n\t\t\t\t\t<h4 class=\"elementor-heading-title elementor-size-default\">Dlaczego whistleblowing ma znaczenie<\/h4>\t\t\t\t<\/div>\n\t\t\t\t<\/div>\n\t\t\t\t<div class=\"elementor-element elementor-element-bd24f6b elementor-widget elementor-widget-text-editor\" data-id=\"bd24f6b\" data-element_type=\"widget\" data-e-type=\"widget\" data-widget_type=\"text-editor.default\">\n\t\t\t\t<div class=\"elementor-widget-container\">\n\t\t\t\t\t\t\t\t\tSygnali\u015bci odgrywaj\u0105 kluczow\u0105 rol\u0119 w utrzymaniu przejrzysto\u015bci i odpowiedzialno\u015bci. Zg\u0142aszaj\u0105c niew\u0142a\u015bciwe post\u0119powanie, pomagaj\u0105 chroni\u0107 integralno\u015b\u0107 organizacji i zapewniaj\u0105 bezpieczne i etyczne \u015brodowisko pracy.\t\t\t\t\t\t\t\t<\/div>\n\t\t\t\t<\/div>\n\t\t\t\t<div class=\"elementor-element elementor-element-7187ebb elementor-widget elementor-widget-heading\" data-id=\"7187ebb\" data-element_type=\"widget\" data-e-type=\"widget\" data-widget_type=\"heading.default\">\n\t\t\t\t<div class=\"elementor-widget-container\">\n\t\t\t\t\t<h4 class=\"elementor-heading-title elementor-size-default\">Anonimowo\u015b\u0107 i poufno\u015b\u0107<\/h4>\t\t\t\t<\/div>\n\t\t\t\t<\/div>\n\t\t\t\t<div class=\"elementor-element elementor-element-6a16c86 elementor-widget elementor-widget-text-editor\" data-id=\"6a16c86\" data-element_type=\"widget\" data-e-type=\"widget\" data-widget_type=\"text-editor.default\">\n\t\t\t\t<div class=\"elementor-widget-container\">\n\t\t\t\t\t\t\t\t\tRozumiemy znaczenie ochrony to\u017csamo\u015bci sygnalist\u00f3w. Nasz proces zg\u0142aszania nieprawid\u0142owo\u015bci umo\u017cliwia anonimowe dokonywanie zg\u0142osze\u0144, dzi\u0119ki czemu to\u017csamo\u015b\u0107 zg\u0142aszaj\u0105cego pozostaje poufna przez ca\u0142y czas trwania dochodzenia.\nKorzystamy z bezpiecznych kana\u0142\u00f3w zg\u0142aszania, aby chroni\u0107 Twoje informacje.\n\t\t\t\t\t\t\t\t<\/div>\n\t\t\t\t<\/div>\n\t\t\t\t<div class=\"elementor-element elementor-element-cdad966 elementor-widget elementor-widget-heading\" data-id=\"cdad966\" data-element_type=\"widget\" data-e-type=\"widget\" data-widget_type=\"heading.default\">\n\t\t\t\t<div class=\"elementor-widget-container\">\n\t\t\t\t\t<h4 class=\"elementor-heading-title elementor-size-default\">Jak zg\u0142osi\u0107<\/h4>\t\t\t\t<\/div>\n\t\t\t\t<\/div>\n\t\t\t\t<div class=\"elementor-element elementor-element-8df7b1b elementor-widget elementor-widget-text-editor\" data-id=\"8df7b1b\" data-element_type=\"widget\" data-e-type=\"widget\" data-widget_type=\"text-editor.default\">\n\t\t\t\t<div class=\"elementor-widget-container\">\n\t\t\t\t\t\t\t\t\t<p>Aby zg\u0142osi\u0107 niew\u0142a\u015bciwe post\u0119powanie, wykonaj nast\u0119puj\u0105ce kroki:<br \/><strong>1. Identyfikacja wykroczenia:<\/strong> Zbierz jak najwi\u0119cej dowod\u00f3w zwi\u0105zanych z dan\u0105 spraw\u0105.<br \/><strong>2. Z\u0142o\u017cy\u0107 skarg\u0119:<\/strong> Skorzystaj z naszego bezpiecznego formularza online, aby przes\u0142a\u0107 swoje zg\u0142oszenie. Mo\u017cesz pozosta\u0107 anonimowy.<br \/><strong>3. Dochodzenie:<\/strong> Nasz specjalista ds. zgodno\u015bci z przepisami przeanalizuje zg\u0142oszenie i przeprowadzi dok\u0142adne dochodzenie, zachowuj\u0105c przy tym poufno\u015b\u0107<\/p>\t\t\t\t\t\t\t\t<\/div>\n\t\t\t\t<\/div>\n\t\t\t\t<div class=\"elementor-element elementor-element-683765a elementor-widget elementor-widget-heading\" data-id=\"683765a\" data-element_type=\"widget\" data-e-type=\"widget\" data-widget_type=\"heading.default\">\n\t\t\t\t<div class=\"elementor-widget-container\">\n\t\t\t\t\t<h4 class=\"elementor-heading-title elementor-size-default\">Co b\u0119dzie dalej?<\/h4>\t\t\t\t<\/div>\n\t\t\t\t<\/div>\n\t\t\t\t<div class=\"elementor-element elementor-element-84ca0f0 elementor-widget elementor-widget-text-editor\" data-id=\"84ca0f0\" data-element_type=\"widget\" data-e-type=\"widget\" data-widget_type=\"text-editor.default\">\n\t\t\t\t<div class=\"elementor-widget-container\">\n\t\t\t\t\t\t\t\t\tPo przes\u0142aniu raportu zostanie on sprawdzony przez nasz dedykowany zesp\u00f3\u0142. Twoja to\u017csamo\u015b\u0107 b\u0119dzie chroniona podczas ca\u0142ego procesu.\t\t\t\t\t\t\t\t<\/div>\n\t\t\t\t<\/div>\n\t\t\t\t<div class=\"elementor-element elementor-element-b3fb46f elementor-widget elementor-widget-heading\" data-id=\"b3fb46f\" data-element_type=\"widget\" data-e-type=\"widget\" data-widget_type=\"heading.default\">\n\t\t\t\t<div class=\"elementor-widget-container\">\n\t\t\t\t\t<h4 class=\"elementor-heading-title elementor-size-default\">Ochrona prawna<\/h4>\t\t\t\t<\/div>\n\t\t\t\t<\/div>\n\t\t\t\t<div class=\"elementor-element elementor-element-1867622 elementor-widget elementor-widget-text-editor\" data-id=\"1867622\" data-element_type=\"widget\" data-e-type=\"widget\" data-widget_type=\"text-editor.default\">\n\t\t\t\t<div class=\"elementor-widget-container\">\n\t\t\t\t\t\t\t\t\tOsoby zg\u0142aszaj\u0105ce nieprawid\u0142owo\u015bci s\u0105 chronione przed dzia\u0142aniami odwetowymi na mocy r\u00f3\u017cnych przepis\u00f3w i regulacji, w tym ustawy o ochronie os\u00f3b zg\u0142aszaj\u0105cych nieprawid\u0142owo\u015bci (Whistleblower Protection Act) i innych odpowiednich standard\u00f3w\nOchrona ta zapewnia mo\u017cliwo\u015b\u0107 zg\u0142aszania niew\u0142a\u015bciwego post\u0119powania bez obawy o negatywne konsekwencje.\n\t\t\t\t\t\t\t\t<\/div>\n\t\t\t\t<\/div>\n\t\t\t\t<div class=\"elementor-element elementor-element-193781d elementor-widget elementor-widget-heading\" data-id=\"193781d\" data-element_type=\"widget\" data-e-type=\"widget\" data-widget_type=\"heading.default\">\n\t\t\t\t<div class=\"elementor-widget-container\">\n\t\t\t\t\t<h4 class=\"elementor-heading-title elementor-size-default\">Kontakt<\/h4>\t\t\t\t<\/div>\n\t\t\t\t<\/div>\n\t\t\t\t<div class=\"elementor-element elementor-element-ec33152 elementor-widget elementor-widget-text-editor\" data-id=\"ec33152\" data-element_type=\"widget\" data-e-type=\"widget\" data-widget_type=\"text-editor.default\">\n\t\t\t\t<div class=\"elementor-widget-container\">\n\t\t\t\t\t\t\t\t\t<p>W przypadku jakichkolwiek pyta\u0144 lub potrzeby dalszej pomocy prosimy o kontakt z naszym specjalist\u0105 ds. zgodno\u015bci pod adresem <a href=\"mailto:compliance@selectchemie.com\"><span style=\"display:inline;unicode-bidi:bidi-override;direction:rtl;\" class=\"\">moc.eimehctceles<span style=\"display:none;\">obfsctd-76da88<\/span>@ecnailpmoc<\/span><\/a>.<\/p>\t\t\t\t\t\t\t\t<\/div>\n\t\t\t\t<\/div>\n\t\t\t\t<div class=\"elementor-element elementor-element-dbf8166 elementor-widget-divider--view-line elementor-widget elementor-widget-divider\" data-id=\"dbf8166\" data-element_type=\"widget\" data-e-type=\"widget\" data-widget_type=\"divider.default\">\n\t\t\t\t<div class=\"elementor-widget-container\">\n\t\t\t\t\t\t\t<div class=\"elementor-divider\">\n\t\t\t<span class=\"elementor-divider-separator\">\n\t\t\t\t\t\t<\/span>\n\t\t<\/div>\n\t\t\t\t\t\t<\/div>\n\t\t\t\t<\/div>\n\t\t\t\t<div class=\"elementor-element elementor-element-1523d40 elementor-widget elementor-widget-text-editor\" data-id=\"1523d40\" data-element_type=\"widget\" data-e-type=\"widget\" data-widget_type=\"text-editor.default\">\n\t\t\t\t<div class=\"elementor-widget-container\">\n\t\t\t\t\t\t\t\t\t<p>Kliknij <a href=\"https:\/\/forms.office.com\/Pages\/ResponsePage.aspx?id=LOsLaVHfA0eNc5NihM8zYPRH0V4xwtFCkEQ3PJJePjNUNkw0NEJIUTlUNlNNVjc5UU1CQ1EyRVAyMy4u\"><b>TUTAJ<\/b><\/a> aby przes\u0142a\u0107 raport.<\/p>\t\t\t\t\t\t\t\t<\/div>\n\t\t\t\t<\/div>\n\t\t\t\t<\/div>\n\t\t\t\t\t<\/div>\n\t\t\t\t<\/div>\n\t\t\t\t\t<\/div>\n\t\t\t\t<\/div>\n\t\t\t\t<\/div>","protected":false},"excerpt":{"rendered":"<p>Selectchemie AG Whistleblowing What is Whistleblowing Whistleblowing is the act of reporting unethical, illegal, or unsafe activities within an organization. This can include fraud, corruption, abuse, or any actions that endanger public health and safety. Why Whistleblowing Matters Whistleblowers play a crucial role in maintaining transparency and accountability. By reporting misconduct, they help protect the [&hellip;]<\/p>\n","protected":false},"author":5,"featured_media":0,"parent":0,"menu_order":0,"comment_status":"closed","ping_status":"closed","template":"","meta":{"_acf_changed":false,"_seopress_robots_primary_cat":"","_seopress_titles_title":"Whistleblowing","_seopress_titles_desc":"As an employee, customer, supplier or partners you can report serious matters anonymously or if you have reasonable suspicion of such matters.","_seopress_robots_index":"","footnotes":""},"folder":[],"class_list":["post-23897","page","type-page","status-publish","hentry"],"acf":[],"_links":{"self":[{"href":"https:\/\/www.selectchemie.com\/pl\/wp-json\/wp\/v2\/pages\/23897","targetHints":{"allow":["GET"]}}],"collection":[{"href":"https:\/\/www.selectchemie.com\/pl\/wp-json\/wp\/v2\/pages"}],"about":[{"href":"https:\/\/www.selectchemie.com\/pl\/wp-json\/wp\/v2\/types\/page"}],"author":[{"embeddable":true,"href":"https:\/\/www.selectchemie.com\/pl\/wp-json\/wp\/v2\/users\/5"}],"replies":[{"embeddable":true,"href":"https:\/\/www.selectchemie.com\/pl\/wp-json\/wp\/v2\/comments?post=23897"}],"version-history":[{"count":23,"href":"https:\/\/www.selectchemie.com\/pl\/wp-json\/wp\/v2\/pages\/23897\/revisions"}],"predecessor-version":[{"id":24012,"href":"https:\/\/www.selectchemie.com\/pl\/wp-json\/wp\/v2\/pages\/23897\/revisions\/24012"}],"wp:attachment":[{"href":"https:\/\/www.selectchemie.com\/pl\/wp-json\/wp\/v2\/media?parent=23897"}],"wp:term":[{"taxonomy":"folder","embeddable":true,"href":"https:\/\/www.selectchemie.com\/pl\/wp-json\/wp\/v2\/folder?post=23897"}],"curies":[{"name":"wp","href":"https:\/\/api.w.org\/{rel}","templated":true}]}}